{"id":20,"date":"2023-07-18T14:31:28","date_gmt":"2023-07-18T12:31:28","guid":{"rendered":"https:\/\/albouyequipement.com\/?page_id=20"},"modified":"2025-06-11T11:33:11","modified_gmt":"2025-06-11T09:33:11","slug":"contact","status":"publish","type":"page","link":"https:\/\/www.albouyequipement.com\/en\/contact\/","title":{"rendered":"CONTACT US"},"content":{"rendered":"<div data-elementor-type=\"wp-page\" data-elementor-id=\"20\" class=\"elementor elementor-20\" data-elementor-post-type=\"page\">\n\t\t\t\t\t\t<section class=\"elementor-section elementor-top-section elementor-element elementor-element-70fc56a elementor-section-height-min-height elementor-section-boxed elementor-section-height-default elementor-section-items-middle\" data-id=\"70fc56a\" data-element_type=\"section\" data-settings=\"{&quot;background_background&quot;:&quot;classic&quot;}\">\n\t\t\t\t\t\t\t<div class=\"elementor-background-overlay\"><\/div>\n\t\t\t\t\t\t\t<div class=\"elementor-container elementor-column-gap-default\">\n\t\t\t\t\t<div class=\"elementor-column elementor-col-100 elementor-top-column elementor-element elementor-element-615f061\" data-id=\"615f061\" data-element_type=\"column\">\n\t\t\t<div class=\"elementor-widget-wrap elementor-element-populated\">\n\t\t\t\t\t\t<div class=\"elementor-element elementor-element-be24a75 elementor-widget elementor-widget-heading\" data-id=\"be24a75\" data-element_type=\"widget\" data-widget_type=\"heading.default\">\n\t\t\t\t<div class=\"elementor-widget-container\">\n\t\t\t\t\t<h1 class=\"elementor-heading-title elementor-size-default translation-block\">Contact us<\/h1>\t\t\t\t<\/div>\n\t\t\t\t<\/div>\n\t\t\t\t\t<\/div>\n\t\t<\/div>\n\t\t\t\t\t<\/div>\n\t\t<\/section>\n\t\t\t\t<section class=\"elementor-section elementor-top-section elementor-element elementor-element-ddaefe5 elementor-reverse-mobile elementor-section-boxed elementor-section-height-default elementor-section-height-default\" data-id=\"ddaefe5\" data-element_type=\"section\">\n\t\t\t\t\t\t<div class=\"elementor-container elementor-column-gap-no\">\n\t\t\t\t\t<div class=\"elementor-column elementor-col-50 elementor-top-column elementor-element elementor-element-d6bfea6\" data-id=\"d6bfea6\" data-element_type=\"column\">\n\t\t\t<div class=\"elementor-widget-wrap elementor-element-populated\">\n\t\t\t\t\t\t<div class=\"elementor-element elementor-element-184e844 elementor-widget elementor-widget-text-editor\" data-id=\"184e844\" data-element_type=\"widget\" data-widget_type=\"text-editor.default\">\n\t\t\t\t<div class=\"elementor-widget-container\">\n\t\t\t\t\t\t\t\t\t<p class=\"translation-block\">Do not hesitate to contact us for an <strong>inquiry or a quote<\/strong>; we will respond as soon as possible.<\/p>\t\t\t\t\t\t\t\t<\/div>\n\t\t\t\t<\/div>\n\t\t\t\t<div class=\"elementor-element elementor-element-8072f0b elementor-button-align-end form elementor-widget elementor-widget-form\" data-id=\"8072f0b\" data-element_type=\"widget\" data-settings=\"{&quot;step_next_label&quot;:&quot;Suivant&quot;,&quot;step_previous_label&quot;:&quot;Pr\\u00e9c\\u00e9dent&quot;,&quot;button_width&quot;:&quot;100&quot;,&quot;step_type&quot;:&quot;number_text&quot;,&quot;step_icon_shape&quot;:&quot;circle&quot;}\" data-widget_type=\"form.default\">\n\t\t\t\t<div class=\"elementor-widget-container\">\n\t\t\t\t\t\t\t<form class=\"elementor-form\" method=\"post\" name=\"Formulaire Albouy Equipement\" action=\"\">\n\t\t\t<input type=\"hidden\" name=\"post_id\" value=\"20\"\/>\n\t\t\t<input type=\"hidden\" name=\"form_id\" value=\"8072f0b\"\/>\n\t\t\t<input type=\"hidden\" name=\"referer_title\" value=\"Albouy Equipement\" \/>\n\n\t\t\t\n\t\t\t<div class=\"elementor-form-fields-wrapper elementor-labels-above\">\n\t\t\t\t\t\t\t\t<div class=\"elementor-field-type-text elementor-field-group elementor-column elementor-field-group-name elementor-col-50 elementor-field-required\">\n\t\t\t\t\t\t\t\t\t\t\t\t\t<input size=\"1\" type=\"text\" name=\"form_fields[name]\" id=\"form-field-name\" class=\"elementor-field elementor-size-sm  elementor-field-textual\" placeholder=\"First Name *\" required=\"required\">\n\t\t\t\t\t\t\t\t\t\t\t<\/div>\n\t\t\t\t\t\t\t\t<div class=\"elementor-field-type-text elementor-field-group elementor-column elementor-field-group-field_b4a2c4a elementor-col-50 elementor-field-required\">\n\t\t\t\t\t\t\t\t\t\t\t\t\t<input size=\"1\" type=\"text\" name=\"form_fields[field_b4a2c4a]\" id=\"form-field-field_b4a2c4a\" class=\"elementor-field elementor-size-sm  elementor-field-textual\" placeholder=\"Last Name *\" required=\"required\">\n\t\t\t\t\t\t\t\t\t\t\t<\/div>\n\t\t\t\t\t\t\t\t<div class=\"elementor-field-type-text elementor-field-group elementor-column elementor-field-group-field_9d55409 elementor-col-50 elementor-field-required\">\n\t\t\t\t\t\t\t\t\t\t\t\t\t<input size=\"1\" type=\"text\" name=\"form_fields[field_9d55409]\" id=\"form-field-field_9d55409\" class=\"elementor-field elementor-size-sm  elementor-field-textual\" placeholder=\"Company *\" required=\"required\">\n\t\t\t\t\t\t\t\t\t\t\t<\/div>\n\t\t\t\t\t\t\t\t<div class=\"elementor-field-type-email elementor-field-group elementor-column elementor-field-group-email elementor-col-50 elementor-field-required\">\n\t\t\t\t\t\t\t\t\t\t\t\t\t<input size=\"1\" type=\"email\" name=\"form_fields[email]\" id=\"form-field-email\" class=\"elementor-field elementor-size-sm  elementor-field-textual\" placeholder=\"E-mail *\" required=\"required\">\n\t\t\t\t\t\t\t\t\t\t\t<\/div>\n\t\t\t\t\t\t\t\t<div class=\"elementor-field-type-tel elementor-field-group elementor-column elementor-field-group-field_3bb5239 elementor-col-50 elementor-field-required\">\n\t\t\t\t\t\t\t<input size=\"1\" type=\"tel\" name=\"form_fields[field_3bb5239]\" id=\"form-field-field_3bb5239\" class=\"elementor-field elementor-size-sm  elementor-field-textual\" placeholder=\"T\u00e9l\u00e9phone *\" required=\"required\" pattern=\"[0-9()#&amp;+*-=.]+\" title=\"Only numbers and phone characters (#, -, *, etc) are accepted.\">\n\n\t\t\t\t\t\t<\/div>\n\t\t\t\t\t\t\t\t<div class=\"elementor-field-type-text elementor-field-group elementor-column elementor-field-group-field_98ca2d9 elementor-col-50 elementor-field-required\">\n\t\t\t\t\t\t\t\t\t\t\t\t\t<input size=\"1\" type=\"text\" name=\"form_fields[field_98ca2d9]\" id=\"form-field-field_98ca2d9\" class=\"elementor-field elementor-size-sm  elementor-field-textual\" placeholder=\"Adress *\" required=\"required\">\n\t\t\t\t\t\t\t\t\t\t\t<\/div>\n\t\t\t\t\t\t\t\t<div class=\"elementor-field-type-text elementor-field-group elementor-column elementor-field-group-field_d07d80e elementor-col-50 elementor-field-required\">\n\t\t\t\t\t\t\t\t\t\t\t\t\t<input size=\"1\" type=\"text\" name=\"form_fields[field_d07d80e]\" id=\"form-field-field_d07d80e\" class=\"elementor-field elementor-size-sm  elementor-field-textual\" placeholder=\"Code postal *\" required=\"required\">\n\t\t\t\t\t\t\t\t\t\t\t<\/div>\n\t\t\t\t\t\t\t\t<div class=\"elementor-field-type-text elementor-field-group elementor-column elementor-field-group-field_87074cb elementor-col-50 elementor-field-required\">\n\t\t\t\t\t\t\t\t\t\t\t\t\t<input size=\"1\" type=\"text\" name=\"form_fields[field_87074cb]\" id=\"form-field-field_87074cb\" class=\"elementor-field elementor-size-sm  elementor-field-textual\" placeholder=\"Ville *\" required=\"required\">\n\t\t\t\t\t\t\t\t\t\t\t<\/div>\n\t\t\t\t\t\t\t\t<div class=\"elementor-field-type-textarea elementor-field-group elementor-column elementor-field-group-message elementor-col-100 elementor-field-required\">\n\t\t\t\t\t<textarea class=\"elementor-field-textual elementor-field  elementor-size-sm\" name=\"form_fields[message]\" id=\"form-field-message\" rows=\"4\" placeholder=\"Your request\" required=\"required\"><\/textarea>\t\t\t\t<\/div>\n\t\t\t\t\t\t\t\t<div class=\"elementor-field-type-acceptance elementor-field-group elementor-column elementor-field-group-field_394b94e elementor-col-100 elementor-field-required\">\n\t\t\t\t\t\t\t<div class=\"elementor-field-subgroup\">\n\t\t\t<span class=\"elementor-field-option\">\n\t\t\t\t<input type=\"checkbox\" name=\"form_fields[field_394b94e]\" id=\"form-field-field_394b94e\" class=\"elementor-field elementor-size-sm  elementor-acceptance-field\" required=\"required\">\n\t\t\t\t<label for=\"form-field-field_394b94e\" class=\"translation-block\">By submitting this form, I agree that the information provided can be used to contact me. To know and exercise your rights, please consult our <a href=\"\/en\/rgpd\/\" target=\"_self\">Personal Data Privacy Policy<\/a>.<\/label>\t\t\t<\/span>\n\t\t<\/div>\n\t\t\t\t\t\t<\/div>\n\t\t\t\t\t\t\t\t<div class=\"elementor-field-type-recaptcha_v3 elementor-field-group elementor-column elementor-field-group-field_14539f0 elementor-col-100 recaptcha_v3-bottomleft\">\n\t\t\t\t\t<div class=\"elementor-field\" id=\"form-field-field_14539f0\"><div class=\"elementor-g-recaptcha\" data-sitekey=\"6LdwjLwpAAAAAAUDK6RETDGZiSXAMXJHzht36J_w\" data-type=\"v3\" data-action=\"Form\" data-badge=\"bottomleft\" data-size=\"invisible\"><\/div><\/div>\t\t\t\t<\/div>\n\t\t\t\t\t\t\t\t<div class=\"elementor-field-group elementor-column elementor-field-type-submit elementor-col-100 e-form__buttons\">\n\t\t\t\t\t<button class=\"elementor-button elementor-size-sm\" type=\"submit\">\n\t\t\t\t\t\t<span class=\"elementor-button-content-wrapper\">\n\t\t\t\t\t\t\t\t\t\t\t\t\t\t\t\t\t\t\t\t\t\t<span class=\"elementor-button-text\">SEND<\/span>\n\t\t\t\t\t\t\t\t\t\t\t\t\t<\/span>\n\t\t\t\t\t<\/button>\n\t\t\t\t<\/div>\n\t\t\t<\/div>\n\t\t<input type=\"hidden\" name=\"trp-form-language\" value=\"en\"\/><\/form>\n\t\t\t\t\t\t<\/div>\n\t\t\t\t<\/div>\n\t\t\t\t\t<\/div>\n\t\t<\/div>\n\t\t\t\t<div class=\"elementor-column elementor-col-50 elementor-top-column elementor-element elementor-element-37e82d9\" data-id=\"37e82d9\" data-element_type=\"column\">\n\t\t\t<div class=\"elementor-widget-wrap elementor-element-populated\">\n\t\t\t\t\t\t<div class=\"elementor-element elementor-element-cdb86f5 elementor-widget elementor-widget-image\" data-id=\"cdb86f5\" data-element_type=\"widget\" data-widget_type=\"image.default\">\n\t\t\t\t<div class=\"elementor-widget-container\">\n\t\t\t\t\t\t\t\t\t\t\t\t\t\t\t\t<a href=\"https:\/\/maps.app.goo.gl\/77Sy24q5f5NGscYU6\" target=\"_blank\">\n\t\t\t\t\t\t\t<img fetchpriority=\"high\" decoding=\"async\" width=\"652\" height=\"539\" src=\"https:\/\/www.albouyequipement.com\/wp-content\/uploads\/2023\/11\/localisation-entreprise.png\" class=\"attachment-large size-large wp-image-1665\" alt=\"\" srcset=\"https:\/\/www.albouyequipement.com\/wp-content\/uploads\/2023\/11\/localisation-entreprise.png 652w, https:\/\/www.albouyequipement.com\/wp-content\/uploads\/2023\/11\/localisation-entreprise-300x248.png 300w, https:\/\/www.albouyequipement.com\/wp-content\/uploads\/2023\/11\/localisation-entreprise-600x496.png 600w\" sizes=\"(max-width: 652px) 100vw, 652px\" \/>\t\t\t\t\t\t\t\t<\/a>\n\t\t\t\t\t\t\t\t\t\t\t\t\t\t\t<\/div>\n\t\t\t\t<\/div>\n\t\t\t\t\t<\/div>\n\t\t<\/div>\n\t\t\t\t\t<\/div>\n\t\t<\/section>\n\t\t\t\t<section class=\"elementor-section elementor-top-section elementor-element elementor-element-ee44730 elementor-section-boxed elementor-section-height-default elementor-section-height-default\" data-id=\"ee44730\" data-element_type=\"section\" id=\"coordonnees\" data-settings=\"{&quot;background_background&quot;:&quot;classic&quot;}\">\n\t\t\t\t\t\t\t<div class=\"elementor-background-overlay\"><\/div>\n\t\t\t\t\t\t\t<div class=\"elementor-container elementor-column-gap-default\">\n\t\t\t\t\t<div class=\"elementor-column elementor-col-33 elementor-top-column elementor-element elementor-element-cdb1e02\" data-id=\"cdb1e02\" data-element_type=\"column\">\n\t\t\t<div class=\"elementor-widget-wrap elementor-element-populated\">\n\t\t\t\t\t\t<div class=\"elementor-element elementor-element-889901e elementor-view-default elementor-position-top elementor-mobile-position-top elementor-widget elementor-widget-icon-box\" data-id=\"889901e\" data-element_type=\"widget\" data-widget_type=\"icon-box.default\">\n\t\t\t\t<div class=\"elementor-widget-container\">\n\t\t\t\t\t\t\t<div class=\"elementor-icon-box-wrapper\">\n\n\t\t\t\t\t\t<div class=\"elementor-icon-box-icon\">\n\t\t\t\t<span  class=\"elementor-icon\">\n\t\t\t\t<i aria-hidden=\"true\" class=\"fas fa-map-marker-alt\"><\/i>\t\t\t\t<\/span>\n\t\t\t<\/div>\n\t\t\t\n\t\t\t\t\t\t<div class=\"elementor-icon-box-content\">\n\n\t\t\t\t\t\t\t\t\t<h3 class=\"elementor-icon-box-title\">\n\t\t\t\t\t\t<span  >\n\t\t\t\t\t\t\tAddress\t\t\t\t\t\t<\/span>\n\t\t\t\t\t<\/h3>\n\t\t\t\t\n\t\t\t\t\t\t\t\t\t<p class=\"elementor-icon-box-description\">\n\t\t\t\t\t\t565 Route d'Albi <br>\nCarcenac-Peyral\u00e8s <br>\n12160 Baraqueville <br>\nAveyron - France\t\t\t\t\t<\/p>\n\t\t\t\t\n\t\t\t<\/div>\n\t\t\t\n\t\t<\/div>\n\t\t\t\t\t\t<\/div>\n\t\t\t\t<\/div>\n\t\t\t\t\t<\/div>\n\t\t<\/div>\n\t\t\t\t<div class=\"elementor-column elementor-col-33 elementor-top-column elementor-element elementor-element-55b4480\" data-id=\"55b4480\" data-element_type=\"column\">\n\t\t\t<div class=\"elementor-widget-wrap elementor-element-populated\">\n\t\t\t\t\t\t<div class=\"elementor-element elementor-element-d9fc51e elementor-view-default elementor-position-top elementor-mobile-position-top elementor-widget elementor-widget-icon-box\" data-id=\"d9fc51e\" data-element_type=\"widget\" data-widget_type=\"icon-box.default\">\n\t\t\t\t<div class=\"elementor-widget-container\">\n\t\t\t\t\t\t\t<div class=\"elementor-icon-box-wrapper\">\n\n\t\t\t\t\t\t<div class=\"elementor-icon-box-icon\">\n\t\t\t\t<a href=\"tel:0565690554\" class=\"elementor-icon\" tabindex=\"-1\" aria-label=\"Phone number *\">\n\t\t\t\t<i aria-hidden=\"true\" class=\"fas fa-phone-alt\"><\/i>\t\t\t\t<\/a>\n\t\t\t<\/div>\n\t\t\t\n\t\t\t\t\t\t<div class=\"elementor-icon-box-content\">\n\n\t\t\t\t\t\t\t\t\t<h3 class=\"elementor-icon-box-title\">\n\t\t\t\t\t\t<a href=\"tel:0565690554\" >\n\t\t\t\t\t\t\tPhone number *\t\t\t\t\t\t<\/a>\n\t\t\t\t\t<\/h3>\n\t\t\t\t\n\t\t\t\t\t\t\t\t\t<p class=\"elementor-icon-box-description\">\n\t\t\t\t\t\t<a href='tel:0565690554'>05 65 69 05 54<\/a>\t\t\t\t\t<\/p>\n\t\t\t\t\n\t\t\t<\/div>\n\t\t\t\n\t\t<\/div>\n\t\t\t\t\t\t<\/div>\n\t\t\t\t<\/div>\n\t\t\t\t\t<\/div>\n\t\t<\/div>\n\t\t\t\t<div class=\"elementor-column elementor-col-33 elementor-top-column elementor-element elementor-element-d877465\" data-id=\"d877465\" data-element_type=\"column\">\n\t\t\t<div class=\"elementor-widget-wrap elementor-element-populated\">\n\t\t\t\t\t\t<div class=\"elementor-element elementor-element-84927f0 elementor-view-default elementor-position-top elementor-mobile-position-top elementor-widget elementor-widget-icon-box\" data-id=\"84927f0\" data-element_type=\"widget\" data-widget_type=\"icon-box.default\">\n\t\t\t\t<div class=\"elementor-widget-container\">\n\t\t\t\t\t\t\t<div class=\"elementor-icon-box-wrapper\">\n\n\t\t\t\t\t\t<div class=\"elementor-icon-box-icon\">\n\t\t\t\t<a href=\"mailto:contact@albouyequipement.com\" class=\"elementor-icon\" tabindex=\"-1\" aria-label=\"E-mail\">\n\t\t\t\t<i aria-hidden=\"true\" class=\"fas fa-envelope\"><\/i>\t\t\t\t<\/a>\n\t\t\t<\/div>\n\t\t\t\n\t\t\t\t\t\t<div class=\"elementor-icon-box-content\">\n\n\t\t\t\t\t\t\t\t\t<h3 class=\"elementor-icon-box-title\">\n\t\t\t\t\t\t<a href=\"mailto:contact@albouyequipement.com\" >\n\t\t\t\t\t\t\tE-mail\t\t\t\t\t\t<\/a>\n\t\t\t\t\t<\/h3>\n\t\t\t\t\n\t\t\t\t\t\t\t\t\t<p class=\"elementor-icon-box-description\">\n\t\t\t\t\t\t<a href='mailto:contact@albouyequipement.com'>contact@albouyequipement.com<\/a>\t\t\t\t\t<\/p>\n\t\t\t\t\n\t\t\t<\/div>\n\t\t\t\n\t\t<\/div>\n\t\t\t\t\t\t<\/div>\n\t\t\t\t<\/div>\n\t\t\t\t\t<\/div>\n\t\t<\/div>\n\t\t\t\t\t<\/div>\n\t\t<\/section>\n\t\t\t\t<\/div>","protected":false},"excerpt":{"rendered":"<p>N&rsquo;h\u00e9sitez pas \u00e0 prendre contact avec nous, pour une demande de renseignement ou un devis, nous vous r\u00e9pondrons dans les plus brefs d\u00e9lais. Adresse 565 Route d&rsquo;Albi Carcenac-Peyral\u00e8s 12160 Baraqueville Aveyron T\u00e9l\u00e9phone 05 65 69 05 54 E-mail contact@albouyequipement.com<\/p>","protected":false},"author":1,"featured_media":0,"parent":0,"menu_order":0,"comment_status":"closed","ping_status":"closed","template":"elementor_header_footer","meta":{"inline_featured_image":false,"_vp_format_video_url":"","_vp_image_focal_point":[],"footnotes":""},"class_list":["post-20","page","type-page","status-publish","hentry","entry"],"yoast_head":"<!-- This site is optimized with the Yoast SEO plugin v25.3 - https:\/\/yoast.com\/wordpress\/plugins\/seo\/ -->\n<title>Albouy \u00c9quipement | Contact, Coordonn\u00e9es, Informations<\/title>\n<meta name=\"description\" content=\"N&#039;h\u00e9sitez pas \u00e0 nous adresser un message via le formulaire de contact pour toutes \u00e9ventuelles questions sur notre mat\u00e9riel ou autre\" \/>\n<meta name=\"robots\" content=\"index, follow, max-snippet:-1, max-image-preview:large, max-video-preview:-1\" \/>\n<link rel=\"canonical\" href=\"https:\/\/www.albouyequipement.com\/en\/contact\/\" \/>\n<meta property=\"og:locale\" content=\"en_GB\" \/>\n<meta property=\"og:type\" content=\"article\" \/>\n<meta property=\"og:title\" content=\"Albouy \u00c9quipement | Contact, Coordonn\u00e9es, Informations\" \/>\n<meta property=\"og:description\" content=\"N&#039;h\u00e9sitez pas \u00e0 nous adresser un message via le formulaire de contact pour toutes \u00e9ventuelles questions sur notre mat\u00e9riel ou autre\" \/>\n<meta property=\"og:url\" content=\"https:\/\/www.albouyequipement.com\/en\/contact\/\" \/>\n<meta property=\"og:site_name\" content=\"Albouy Equipement\" \/>\n<meta property=\"article:modified_time\" content=\"2025-06-11T09:33:11+00:00\" \/>\n<meta property=\"og:image\" content=\"https:\/\/www.albouyequipement.com\/wp-content\/uploads\/2023\/11\/localisation-entreprise.png\" \/>\n\t<meta property=\"og:image:width\" content=\"652\" \/>\n\t<meta property=\"og:image:height\" content=\"539\" \/>\n\t<meta property=\"og:image:type\" content=\"image\/png\" \/>\n<meta name=\"twitter:card\" content=\"summary_large_image\" \/>\n<meta name=\"twitter:label1\" content=\"Estimated reading time\" \/>\n\t<meta name=\"twitter:data1\" content=\"1 minute\" \/>\n<script type=\"application\/ld+json\" class=\"yoast-schema-graph\">{\"@context\":\"https:\/\/schema.org\",\"@graph\":[{\"@type\":\"WebPage\",\"@id\":\"https:\/\/www.albouyequipement.com\/contact\/\",\"url\":\"https:\/\/www.albouyequipement.com\/contact\/\",\"name\":\"Albouy \u00c9quipement | Contact, Coordonn\u00e9es, Informations\",\"isPartOf\":{\"@id\":\"https:\/\/www.albouyequipement.com\/#website\"},\"primaryImageOfPage\":{\"@id\":\"https:\/\/www.albouyequipement.com\/contact\/#primaryimage\"},\"image\":{\"@id\":\"https:\/\/www.albouyequipement.com\/contact\/#primaryimage\"},\"thumbnailUrl\":\"https:\/\/www.albouyequipement.com\/wp-content\/uploads\/2023\/11\/localisation-entreprise.png\",\"datePublished\":\"2023-07-18T12:31:28+00:00\",\"dateModified\":\"2025-06-11T09:33:11+00:00\",\"description\":\"N'h\u00e9sitez pas \u00e0 nous adresser un message via le formulaire de contact pour toutes \u00e9ventuelles questions sur notre mat\u00e9riel ou autre\",\"breadcrumb\":{\"@id\":\"https:\/\/www.albouyequipement.com\/contact\/#breadcrumb\"},\"inLanguage\":\"en-GB\",\"potentialAction\":[{\"@type\":\"ReadAction\",\"target\":[\"https:\/\/www.albouyequipement.com\/contact\/\"]}]},{\"@type\":\"ImageObject\",\"inLanguage\":\"en-GB\",\"@id\":\"https:\/\/www.albouyequipement.com\/contact\/#primaryimage\",\"url\":\"https:\/\/www.albouyequipement.com\/wp-content\/uploads\/2023\/11\/localisation-entreprise.png\",\"contentUrl\":\"https:\/\/www.albouyequipement.com\/wp-content\/uploads\/2023\/11\/localisation-entreprise.png\"},{\"@type\":\"BreadcrumbList\",\"@id\":\"https:\/\/www.albouyequipement.com\/contact\/#breadcrumb\",\"itemListElement\":[{\"@type\":\"ListItem\",\"position\":1,\"name\":\"Accueil\",\"item\":\"https:\/\/www.albouyequipement.com\/\"},{\"@type\":\"ListItem\",\"position\":2,\"name\":\"Contact\"}]},{\"@type\":\"WebSite\",\"@id\":\"https:\/\/www.albouyequipement.com\/#website\",\"url\":\"https:\/\/www.albouyequipement.com\/\",\"name\":\"Albouy Equipement\",\"description\":\"Le sp\u00e9cialiste aux petits soins des \u00e9leveurs et des troupeaux\",\"publisher\":{\"@id\":\"https:\/\/www.albouyequipement.com\/#organization\"},\"potentialAction\":[{\"@type\":\"SearchAction\",\"target\":{\"@type\":\"EntryPoint\",\"urlTemplate\":\"https:\/\/www.albouyequipement.com\/?s={search_term_string}\"},\"query-input\":{\"@type\":\"PropertyValueSpecification\",\"valueRequired\":true,\"valueName\":\"search_term_string\"}}],\"inLanguage\":\"en-GB\"},{\"@type\":\"Organization\",\"@id\":\"https:\/\/www.albouyequipement.com\/#organization\",\"name\":\"Albouy Equipement\",\"url\":\"https:\/\/www.albouyequipement.com\/\",\"logo\":{\"@type\":\"ImageObject\",\"inLanguage\":\"en-GB\",\"@id\":\"https:\/\/www.albouyequipement.com\/#\/schema\/logo\/image\/\",\"url\":\"https:\/\/www.albouyequipement.com\/wp-content\/uploads\/2023\/07\/cropped-logo-albouy-equipement-long.png\",\"contentUrl\":\"https:\/\/www.albouyequipement.com\/wp-content\/uploads\/2023\/07\/cropped-logo-albouy-equipement-long.png\",\"width\":457,\"height\":114,\"caption\":\"Albouy Equipement\"},\"image\":{\"@id\":\"https:\/\/www.albouyequipement.com\/#\/schema\/logo\/image\/\"}}]}<\/script>\n<!-- \/ Yoast SEO plugin. -->","yoast_head_json":{"title":"Albouy \u00c9quipement | Contact, Coordonn\u00e9es, Informations","description":"N'h\u00e9sitez pas \u00e0 nous adresser un message via le formulaire de contact pour toutes \u00e9ventuelles questions sur notre mat\u00e9riel ou autre","robots":{"index":"index","follow":"follow","max-snippet":"max-snippet:-1","max-image-preview":"max-image-preview:large","max-video-preview":"max-video-preview:-1"},"canonical":"https:\/\/www.albouyequipement.com\/en\/contact\/","og_locale":"en_GB","og_type":"article","og_title":"Albouy \u00c9quipement | Contact, Coordonn\u00e9es, Informations","og_description":"N'h\u00e9sitez pas \u00e0 nous adresser un message via le formulaire de contact pour toutes \u00e9ventuelles questions sur notre mat\u00e9riel ou autre","og_url":"https:\/\/www.albouyequipement.com\/en\/contact\/","og_site_name":"Albouy Equipement","article_modified_time":"2025-06-11T09:33:11+00:00","og_image":[{"width":652,"height":539,"url":"https:\/\/www.albouyequipement.com\/wp-content\/uploads\/2023\/11\/localisation-entreprise.png","type":"image\/png"}],"twitter_card":"summary_large_image","twitter_misc":{"Estimated reading time":"1 minute"},"schema":{"@context":"https:\/\/schema.org","@graph":[{"@type":"WebPage","@id":"https:\/\/www.albouyequipement.com\/contact\/","url":"https:\/\/www.albouyequipement.com\/contact\/","name":"Albouy \u00c9quipement | Contact, Coordonn\u00e9es, Informations","isPartOf":{"@id":"https:\/\/www.albouyequipement.com\/#website"},"primaryImageOfPage":{"@id":"https:\/\/www.albouyequipement.com\/contact\/#primaryimage"},"image":{"@id":"https:\/\/www.albouyequipement.com\/contact\/#primaryimage"},"thumbnailUrl":"https:\/\/www.albouyequipement.com\/wp-content\/uploads\/2023\/11\/localisation-entreprise.png","datePublished":"2023-07-18T12:31:28+00:00","dateModified":"2025-06-11T09:33:11+00:00","description":"N'h\u00e9sitez pas \u00e0 nous adresser un message via le formulaire de contact pour toutes \u00e9ventuelles questions sur notre mat\u00e9riel ou autre","breadcrumb":{"@id":"https:\/\/www.albouyequipement.com\/contact\/#breadcrumb"},"inLanguage":"en-GB","potentialAction":[{"@type":"ReadAction","target":["https:\/\/www.albouyequipement.com\/contact\/"]}]},{"@type":"ImageObject","inLanguage":"en-GB","@id":"https:\/\/www.albouyequipement.com\/contact\/#primaryimage","url":"https:\/\/www.albouyequipement.com\/wp-content\/uploads\/2023\/11\/localisation-entreprise.png","contentUrl":"https:\/\/www.albouyequipement.com\/wp-content\/uploads\/2023\/11\/localisation-entreprise.png"},{"@type":"BreadcrumbList","@id":"https:\/\/www.albouyequipement.com\/contact\/#breadcrumb","itemListElement":[{"@type":"ListItem","position":1,"name":"Accueil","item":"https:\/\/www.albouyequipement.com\/"},{"@type":"ListItem","position":2,"name":"Contact"}]},{"@type":"WebSite","@id":"https:\/\/www.albouyequipement.com\/#website","url":"https:\/\/www.albouyequipement.com\/","name":"Albouy Equipement","description":"Le sp\u00e9cialiste aux petits soins des \u00e9leveurs et des troupeaux","publisher":{"@id":"https:\/\/www.albouyequipement.com\/#organization"},"potentialAction":[{"@type":"SearchAction","target":{"@type":"EntryPoint","urlTemplate":"https:\/\/www.albouyequipement.com\/?s={search_term_string}"},"query-input":{"@type":"PropertyValueSpecification","valueRequired":true,"valueName":"search_term_string"}}],"inLanguage":"en-GB"},{"@type":"Organization","@id":"https:\/\/www.albouyequipement.com\/#organization","name":"Albouy Equipement","url":"https:\/\/www.albouyequipement.com\/","logo":{"@type":"ImageObject","inLanguage":"en-GB","@id":"https:\/\/www.albouyequipement.com\/#\/schema\/logo\/image\/","url":"https:\/\/www.albouyequipement.com\/wp-content\/uploads\/2023\/07\/cropped-logo-albouy-equipement-long.png","contentUrl":"https:\/\/www.albouyequipement.com\/wp-content\/uploads\/2023\/07\/cropped-logo-albouy-equipement-long.png","width":457,"height":114,"caption":"Albouy Equipement"},"image":{"@id":"https:\/\/www.albouyequipement.com\/#\/schema\/logo\/image\/"}}]}},"_links":{"self":[{"href":"https:\/\/www.albouyequipement.com\/en\/wp-json\/wp\/v2\/pages\/20","targetHints":{"allow":["GET"]}}],"collection":[{"href":"https:\/\/www.albouyequipement.com\/en\/wp-json\/wp\/v2\/pages"}],"about":[{"href":"https:\/\/www.albouyequipement.com\/en\/wp-json\/wp\/v2\/types\/page"}],"author":[{"embeddable":true,"href":"https:\/\/www.albouyequipement.com\/en\/wp-json\/wp\/v2\/users\/1"}],"replies":[{"embeddable":true,"href":"https:\/\/www.albouyequipement.com\/en\/wp-json\/wp\/v2\/comments?post=20"}],"version-history":[{"count":217,"href":"https:\/\/www.albouyequipement.com\/en\/wp-json\/wp\/v2\/pages\/20\/revisions"}],"predecessor-version":[{"id":6510,"href":"https:\/\/www.albouyequipement.com\/en\/wp-json\/wp\/v2\/pages\/20\/revisions\/6510"}],"wp:attachment":[{"href":"https:\/\/www.albouyequipement.com\/en\/wp-json\/wp\/v2\/media?parent=20"}],"curies":[{"name":"wp","href":"https:\/\/api.w.org\/{rel}","templated":true}]}}