{"id":2239,"date":"2024-01-17T09:59:13","date_gmt":"2024-01-17T08:59:13","guid":{"rendered":"https:\/\/albouyequipement.com\/?page_id=2239"},"modified":"2024-04-17T11:01:42","modified_gmt":"2024-04-17T09:01:42","slug":"alimentation-ovins","status":"publish","type":"page","link":"https:\/\/www.albouyequipement.com\/en\/alimentation-ovins\/","title":{"rendered":"Feeding your sheep"},"content":{"rendered":"<div data-elementor-type=\"wp-page\" data-elementor-id=\"2239\" class=\"elementor elementor-2239\" data-elementor-post-type=\"page\">\n\t\t\t\t\t\t<section class=\"elementor-section elementor-top-section elementor-element elementor-element-805cae9 elementor-section-height-min-height elementor-section-boxed elementor-section-height-default elementor-section-items-middle\" data-id=\"805cae9\" data-element_type=\"section\" data-settings=\"{&quot;background_background&quot;:&quot;classic&quot;}\">\n\t\t\t\t\t\t\t<div class=\"elementor-background-overlay\"><\/div>\n\t\t\t\t\t\t\t<div class=\"elementor-container elementor-column-gap-default\">\n\t\t\t\t\t<div class=\"elementor-column elementor-col-100 elementor-top-column elementor-element elementor-element-f435a7f\" data-id=\"f435a7f\" data-element_type=\"column\">\n\t\t\t<div class=\"elementor-widget-wrap elementor-element-populated\">\n\t\t\t\t\t\t<div class=\"elementor-element elementor-element-c785096 elementor-widget elementor-widget-heading\" data-id=\"c785096\" data-element_type=\"widget\" data-widget_type=\"heading.default\">\n\t\t\t\t<div class=\"elementor-widget-container\">\n\t\t\t\t\t<h1 class=\"elementor-heading-title elementor-size-default\">Feeding your sheep<\/h1>\t\t\t\t<\/div>\n\t\t\t\t<\/div>\n\t\t\t\t<div class=\"elementor-element elementor-element-ac8cefd elementor-widget elementor-widget-heading\" data-id=\"ac8cefd\" data-element_type=\"widget\" data-widget_type=\"heading.default\">\n\t\t\t\t<div class=\"elementor-widget-container\">\n\t\t\t\t\t<h2 class=\"elementor-heading-title elementor-size-default\">Listening and Expertise on the Ground<\/h2>\t\t\t\t<\/div>\n\t\t\t\t<\/div>\n\t\t\t\t\t<\/div>\n\t\t<\/div>\n\t\t\t\t\t<\/div>\n\t\t<\/section>\n\t\t\t\t<section class=\"elementor-section elementor-top-section elementor-element elementor-element-7d3584f elementor-section-boxed elementor-section-height-default elementor-section-height-default\" data-id=\"7d3584f\" data-element_type=\"section\">\n\t\t\t\t\t\t<div class=\"elementor-container elementor-column-gap-default\">\n\t\t\t\t\t<div class=\"elementor-column elementor-col-100 elementor-top-column elementor-element elementor-element-1efff85\" data-id=\"1efff85\" data-element_type=\"column\">\n\t\t\t<div class=\"elementor-widget-wrap elementor-element-populated\">\n\t\t\t\t\t\t<div class=\"elementor-element elementor-element-1d721af elementor-tablet-align-left elementor-mobile-align-left elementor-icon-list--layout-traditional elementor-list-item-link-full_width elementor-widget elementor-widget-icon-list\" data-id=\"1d721af\" data-element_type=\"widget\" data-widget_type=\"icon-list.default\">\n\t\t\t\t<div class=\"elementor-widget-container\">\n\t\t\t\t\t\t\t<ul class=\"elementor-icon-list-items\">\n\t\t\t\t\t\t\t<li class=\"elementor-icon-list-item\">\n\t\t\t\t\t\t\t\t\t\t\t<span class=\"elementor-icon-list-icon\">\n\t\t\t\t\t\t\t<i aria-hidden=\"true\" class=\"fas fa-square-full\"><\/i>\t\t\t\t\t\t<\/span>\n\t\t\t\t\t\t\t\t\t\t<span class=\"elementor-icon-list-text\"><\/span>\n\t\t\t\t\t\t\t\t\t<\/li>\n\t\t\t\t\t\t<\/ul>\n\t\t\t\t\t\t<\/div>\n\t\t\t\t<\/div>\n\t\t\t\t<div class=\"elementor-element elementor-element-67f80ec elementor-widget elementor-widget-heading\" data-id=\"67f80ec\" data-element_type=\"widget\" data-widget_type=\"heading.default\">\n\t\t\t\t<div class=\"elementor-widget-container\">\n\t\t\t\t\t<h2 class=\"elementor-heading-title elementor-size-default\">discover our products <strong>for sheep<\/strong><\/h2>\t\t\t\t<\/div>\n\t\t\t\t<\/div>\n\t\t\t\t\t<\/div>\n\t\t<\/div>\n\t\t\t\t\t<\/div>\n\t\t<\/section>\n\t\t\t\t<section class=\"elementor-section elementor-top-section elementor-element elementor-element-ee908f5 elementor-section-boxed elementor-section-height-default elementor-section-height-default\" data-id=\"ee908f5\" data-element_type=\"section\">\n\t\t\t\t\t\t<div class=\"elementor-container elementor-column-gap-default\">\n\t\t\t\t\t<div class=\"elementor-column elementor-col-100 elementor-top-column elementor-element elementor-element-ca8c76a\" data-id=\"ca8c76a\" data-element_type=\"column\">\n\t\t\t<div class=\"elementor-widget-wrap elementor-element-populated\">\n\t\t\t\t\t\t<div class=\"elementor-element elementor-element-6916233 elementor-cta--skin-cover elementor-cta--valign-bottom elementor-bg-transform elementor-bg-transform-zoom-in elementor-widget elementor-widget-call-to-action\" data-id=\"6916233\" data-element_type=\"widget\" data-widget_type=\"call-to-action.default\">\n\t\t\t\t<div class=\"elementor-widget-container\">\n\t\t\t\t\t\t\t<a class=\"elementor-cta\" href=\"\/en\/alimentation-ovins\/mangeoires-mecanisees-ovins\/\">\n\t\t\t\t\t<div class=\"elementor-cta__bg-wrapper\">\n\t\t\t\t<div class=\"elementor-cta__bg elementor-bg\" style=\"background-image: url(https:\/\/www.albouyequipement.com\/wp-content\/uploads\/2023\/07\/Albouy-Equipement-header2-1024x559.jpg);\" role=\"img\" aria-label=\"Albouy Equipement header\"><\/div>\n\t\t\t\t<div class=\"elementor-cta__bg-overlay\"><\/div>\n\t\t\t<\/div>\n\t\t\t\t\t\t\t<div class=\"elementor-cta__content\">\n\t\t\t\t\n\t\t\t\t\t\t\t\t\t<h3 class=\"elementor-cta__title elementor-cta__content-item elementor-content-item\">\n\t\t\t\t\t\tmechanized feeder <b>for sheep<\/b>\t\t\t\t\t<\/h3>\n\t\t\t\t\n\t\t\t\t\n\t\t\t\t\t\t\t\t\t<div class=\"elementor-cta__button-wrapper elementor-cta__content-item elementor-content-item\">\n\t\t\t\t\t<span class=\"elementor-cta__button elementor-button elementor-size-\">\n\t\t\t\t\t\tsee the product\t\t\t\t\t<\/span>\n\t\t\t\t\t<\/div>\n\t\t\t\t\t\t\t<\/div>\n\t\t\t\t\t\t<\/a>\n\t\t\t\t\t\t<\/div>\n\t\t\t\t<\/div>\n\t\t\t\t<div class=\"elementor-element elementor-element-50b2a82 elementor-cta--skin-cover elementor-cta--valign-bottom elementor-bg-transform elementor-bg-transform-zoom-in elementor-widget elementor-widget-call-to-action\" data-id=\"50b2a82\" data-element_type=\"widget\" data-widget_type=\"call-to-action.default\">\n\t\t\t\t<div class=\"elementor-widget-container\">\n\t\t\t\t\t\t\t<a class=\"elementor-cta\" href=\"\/en\/alimentation-ovins\/cornadis-a-sceller-ovins\/\">\n\t\t\t\t\t<div class=\"elementor-cta__bg-wrapper\">\n\t\t\t\t<div class=\"elementor-cta__bg elementor-bg\" style=\"background-image: url(https:\/\/www.albouyequipement.com\/wp-content\/uploads\/2023\/09\/cornadis-2-1024x634.jpg);\" role=\"img\" aria-label=\"SHEEP FEEDING STALLS TO BE ANCHORED\"><\/div>\n\t\t\t\t<div class=\"elementor-cta__bg-overlay\"><\/div>\n\t\t\t<\/div>\n\t\t\t\t\t\t\t<div class=\"elementor-cta__content\">\n\t\t\t\t\n\t\t\t\t\t\t\t\t\t<h3 class=\"elementor-cta__title elementor-cta__content-item elementor-content-item\">\n\t\t\t\t\t\theadlock to be sealed <b>for sheep<\/b>\t\t\t\t\t<\/h3>\n\t\t\t\t\n\t\t\t\t\n\t\t\t\t\t\t\t\t\t<div class=\"elementor-cta__button-wrapper elementor-cta__content-item elementor-content-item\">\n\t\t\t\t\t<span class=\"elementor-cta__button elementor-button elementor-size-\">\n\t\t\t\t\t\tsee the product\t\t\t\t\t<\/span>\n\t\t\t\t\t<\/div>\n\t\t\t\t\t\t\t<\/div>\n\t\t\t\t\t\t<\/a>\n\t\t\t\t\t\t<\/div>\n\t\t\t\t<\/div>\n\t\t\t\t<div class=\"elementor-element elementor-element-19604c1 elementor-cta--skin-cover elementor-cta--valign-bottom elementor-bg-transform elementor-bg-transform-zoom-in elementor-widget elementor-widget-call-to-action\" data-id=\"19604c1\" data-element_type=\"widget\" data-widget_type=\"call-to-action.default\">\n\t\t\t\t<div class=\"elementor-widget-container\">\n\t\t\t\t\t\t\t<a class=\"elementor-cta\" href=\"\/en\/alimentation-ovins\/distributeur-daliment-ovins\/\">\n\t\t\t\t\t<div class=\"elementor-cta__bg-wrapper\">\n\t\t\t\t<div class=\"elementor-cta__bg elementor-bg\" style=\"background-image: url(https:\/\/www.albouyequipement.com\/wp-content\/uploads\/2024\/01\/Distributeur-daliment-mobile-1024x315.jpg);\" role=\"img\" aria-label=\"Mobile feed dispenser\"><\/div>\n\t\t\t\t<div class=\"elementor-cta__bg-overlay\"><\/div>\n\t\t\t<\/div>\n\t\t\t\t\t\t\t<div class=\"elementor-cta__content\">\n\t\t\t\t\n\t\t\t\t\t\t\t\t\t<h3 class=\"elementor-cta__title elementor-cta__content-item elementor-content-item\">\n\t\t\t\t\t\tfeed dispenser <b>for sheep<\/b>\t\t\t\t\t<\/h3>\n\t\t\t\t\n\t\t\t\t\n\t\t\t\t\t\t\t\t\t<div class=\"elementor-cta__button-wrapper elementor-cta__content-item elementor-content-item\">\n\t\t\t\t\t<span class=\"elementor-cta__button elementor-button elementor-size-\">\n\t\t\t\t\t\tsee the product\t\t\t\t\t<\/span>\n\t\t\t\t\t<\/div>\n\t\t\t\t\t\t\t<\/div>\n\t\t\t\t\t\t<\/a>\n\t\t\t\t\t\t<\/div>\n\t\t\t\t<\/div>\n\t\t\t\t\t<\/div>\n\t\t<\/div>\n\t\t\t\t\t<\/div>\n\t\t<\/section>\n\t\t\t\t<section class=\"elementor-section elementor-top-section elementor-element elementor-element-989ce9c elementor-section-boxed elementor-section-height-default elementor-section-height-default\" data-id=\"989ce9c\" data-element_type=\"section\">\n\t\t\t\t\t\t<div class=\"elementor-container elementor-column-gap-default\">\n\t\t\t\t\t<div class=\"elementor-column elementor-col-100 elementor-top-column elementor-element elementor-element-975bda6\" data-id=\"975bda6\" data-element_type=\"column\">\n\t\t\t<div class=\"elementor-widget-wrap elementor-element-populated\">\n\t\t\t\t\t\t<div class=\"elementor-element elementor-element-5b0f108 elementor-widget elementor-widget-text-editor\" data-id=\"5b0f108\" data-element_type=\"widget\" data-widget_type=\"text-editor.default\">\n\t\t\t\t<div class=\"elementor-widget-container\">\n\t\t\t\t\t\t\t\t\t<p>Transform the feeding of your animals into an intelligent and efficient experience with our range of automated agricultural equipment. Simplify your daily farm management and maximise nutritional performance with our innovation dedicated to your agricultural success.<\/p>\t\t\t\t\t\t\t\t<\/div>\n\t\t\t\t<\/div>\n\t\t\t\t<div class=\"elementor-element elementor-element-2e50f59 elementor-widget elementor-widget-image\" data-id=\"2e50f59\" data-element_type=\"widget\" data-widget_type=\"image.default\">\n\t\t\t\t<div class=\"elementor-widget-container\">\n\t\t\t\t\t\t\t\t\t\t\t\t\t\t\t<img decoding=\"async\" width=\"119\" height=\"119\" src=\"https:\/\/www.albouyequipement.com\/wp-content\/uploads\/2023\/09\/Fichier-8.png\" class=\"attachment-large size-large wp-image-751\" alt=\"\" srcset=\"https:\/\/www.albouyequipement.com\/wp-content\/uploads\/2023\/09\/Fichier-8.png 119w, https:\/\/www.albouyequipement.com\/wp-content\/uploads\/2023\/09\/Fichier-8-100x100.png 100w\" sizes=\"(max-width: 119px) 100vw, 119px\" \/>\t\t\t\t\t\t\t\t\t\t\t\t\t\t\t<\/div>\n\t\t\t\t<\/div>\n\t\t\t\t\t<\/div>\n\t\t<\/div>\n\t\t\t\t\t<\/div>\n\t\t<\/section>\n\t\t\t\t<section class=\"elementor-section elementor-top-section elementor-element elementor-element-9a90635 elementor-section-height-min-height elementor-section-stretched elementor-section-boxed elementor-section-height-default elementor-section-items-middle\" data-id=\"9a90635\" data-element_type=\"section\" data-settings=\"{&quot;stretch_section&quot;:&quot;section-stretched&quot;,&quot;background_background&quot;:&quot;classic&quot;}\">\n\t\t\t\t\t\t\t<div class=\"elementor-background-overlay\"><\/div>\n\t\t\t\t\t\t\t<div class=\"elementor-container elementor-column-gap-default\">\n\t\t\t\t\t<div class=\"elementor-column elementor-col-50 elementor-top-column elementor-element elementor-element-71db10b\" data-id=\"71db10b\" data-element_type=\"column\">\n\t\t\t<div class=\"elementor-widget-wrap elementor-element-populated\">\n\t\t\t\t\t\t<div class=\"elementor-element elementor-element-c8c85c4 elementor-align-left elementor-mobile-align-left elementor-icon-list--layout-traditional elementor-list-item-link-full_width elementor-widget elementor-widget-icon-list\" data-id=\"c8c85c4\" data-element_type=\"widget\" data-widget_type=\"icon-list.default\">\n\t\t\t\t<div class=\"elementor-widget-container\">\n\t\t\t\t\t\t\t<ul class=\"elementor-icon-list-items\">\n\t\t\t\t\t\t\t<li class=\"elementor-icon-list-item\">\n\t\t\t\t\t\t\t\t\t\t\t<span class=\"elementor-icon-list-icon\">\n\t\t\t\t\t\t\t<i aria-hidden=\"true\" class=\"fas fa-square-full\"><\/i>\t\t\t\t\t\t<\/span>\n\t\t\t\t\t\t\t\t\t\t<span class=\"elementor-icon-list-text\"><\/span>\n\t\t\t\t\t\t\t\t\t<\/li>\n\t\t\t\t\t\t<\/ul>\n\t\t\t\t\t\t<\/div>\n\t\t\t\t<\/div>\n\t\t\t\t<div class=\"elementor-element elementor-element-2d192f2 elementor-widget elementor-widget-heading\" data-id=\"2d192f2\" data-element_type=\"widget\" data-widget_type=\"heading.default\">\n\t\t\t\t<div class=\"elementor-widget-container\">\n\t\t\t\t\t<h2 class=\"elementor-heading-title elementor-size-default\">Why choose <strong>albouy \u00e9quipement<\/strong><\/h2>\t\t\t\t<\/div>\n\t\t\t\t<\/div>\n\t\t\t\t\t<\/div>\n\t\t<\/div>\n\t\t\t\t<div class=\"elementor-column elementor-col-50 elementor-top-column elementor-element elementor-element-f693222\" data-id=\"f693222\" data-element_type=\"column\">\n\t\t\t<div class=\"elementor-widget-wrap elementor-element-populated\">\n\t\t\t\t\t\t<div class=\"elementor-element elementor-element-2465e5f elementor-mobile-align-left elementor-icon-list--layout-traditional elementor-list-item-link-full_width elementor-widget elementor-widget-icon-list\" data-id=\"2465e5f\" data-element_type=\"widget\" data-widget_type=\"icon-list.default\">\n\t\t\t\t<div class=\"elementor-widget-container\">\n\t\t\t\t\t\t\t<ul class=\"elementor-icon-list-items\">\n\t\t\t\t\t\t\t<li class=\"elementor-icon-list-item\">\n\t\t\t\t\t\t\t\t\t\t\t<span class=\"elementor-icon-list-icon\">\n\t\t\t\t\t\t\t<i aria-hidden=\"true\" class=\"fas fa-chevron-right\"><\/i>\t\t\t\t\t\t<\/span>\n\t\t\t\t\t\t\t\t\t\t<span class=\"elementor-icon-list-text\">The specialist that takes great care of farmers and their herds.<\/span>\n\t\t\t\t\t\t\t\t\t<\/li>\n\t\t\t\t\t\t\t\t<li class=\"elementor-icon-list-item\">\n\t\t\t\t\t\t\t\t\t\t\t<span class=\"elementor-icon-list-icon\">\n\t\t\t\t\t\t\t<i aria-hidden=\"true\" class=\"fas fa-chevron-right\"><\/i>\t\t\t\t\t\t<\/span>\n\t\t\t\t\t\t\t\t\t\t<span class=\"elementor-icon-list-text\">49 years of industry experience<\/span>\n\t\t\t\t\t\t\t\t\t<\/li>\n\t\t\t\t\t\t\t\t<li class=\"elementor-icon-list-item\">\n\t\t\t\t\t\t\t\t\t\t\t<span class=\"elementor-icon-list-icon\">\n\t\t\t\t\t\t\t<i aria-hidden=\"true\" class=\"fas fa-chevron-right\"><\/i>\t\t\t\t\t\t<\/span>\n\t\t\t\t\t\t\t\t\t\t<span class=\"elementor-icon-list-text\">International recognition<\/span>\n\t\t\t\t\t\t\t\t\t<\/li>\n\t\t\t\t\t\t<\/ul>\n\t\t\t\t\t\t<\/div>\n\t\t\t\t<\/div>\n\t\t\t\t\t<\/div>\n\t\t<\/div>\n\t\t\t\t\t<\/div>\n\t\t<\/section>\n\t\t\t\t<\/div>","protected":false},"excerpt":{"rendered":"<p>Une \u00e9coute et une expertise de terrain D\u00e9couvrez nos produits ovins Mangeoires m\u00e9canis\u00e9es Ovins voir le produit Cornadis \u00e0 sceller Ovins voir le produit Distributeur d&rsquo;aliment pour Ovins voir le produit Transformez l&rsquo;alimentation de vos animaux en une exp\u00e9rience intelligente et efficace gr\u00e2ce \u00e0 notre gamme de mat\u00e9riel agricole automatis\u00e9. Pourquoi faire appel \u00e0 albouy [&hellip;]<\/p>","protected":false},"author":1,"featured_media":0,"parent":0,"menu_order":0,"comment_status":"closed","ping_status":"closed","template":"elementor_header_footer","meta":{"inline_featured_image":false,"_vp_format_video_url":"","_vp_image_focal_point":[],"footnotes":""},"class_list":["post-2239","page","type-page","status-publish","hentry","entry"],"yoast_head":"<!-- This site is optimized with the Yoast SEO plugin v25.3 - https:\/\/yoast.com\/wordpress\/plugins\/seo\/ -->\n<title>Albouy \u00c9quipement | Mat\u00e9riel pour l&#039;Alimentation des Ovins<\/title>\n<meta name=\"description\" content=\"Retrouvez l&#039;ensemble de notre mat\u00e9riel destin\u00e9 \u00e0 l&#039;alimentation des ovins, mangeoires m\u00e9canis\u00e9es, cornadis \u00e0 sceller et distributeur d&#039;aliment\" \/>\n<meta name=\"robots\" content=\"index, follow, max-snippet:-1, max-image-preview:large, max-video-preview:-1\" \/>\n<link rel=\"canonical\" href=\"https:\/\/www.albouyequipement.com\/en\/alimentation-ovins\/\" \/>\n<meta property=\"og:locale\" content=\"en_GB\" \/>\n<meta property=\"og:type\" content=\"article\" \/>\n<meta property=\"og:title\" content=\"Albouy \u00c9quipement | Mat\u00e9riel pour l&#039;Alimentation des Ovins\" \/>\n<meta property=\"og:description\" content=\"Retrouvez l&#039;ensemble de notre mat\u00e9riel destin\u00e9 \u00e0 l&#039;alimentation des ovins, mangeoires m\u00e9canis\u00e9es, cornadis \u00e0 sceller et distributeur d&#039;aliment\" \/>\n<meta property=\"og:url\" content=\"https:\/\/www.albouyequipement.com\/en\/alimentation-ovins\/\" \/>\n<meta property=\"og:site_name\" content=\"Albouy Equipement\" \/>\n<meta property=\"article:modified_time\" content=\"2024-04-17T09:01:42+00:00\" \/>\n<meta property=\"og:image\" content=\"https:\/\/www.albouyequipement.com\/wp-content\/uploads\/2023\/09\/Fichier-8.png\" \/>\n<meta name=\"twitter:card\" content=\"summary_large_image\" \/>\n<meta name=\"twitter:label1\" content=\"Estimated reading time\" \/>\n\t<meta name=\"twitter:data1\" content=\"1 minute\" \/>\n<script type=\"application\/ld+json\" class=\"yoast-schema-graph\">{\"@context\":\"https:\/\/schema.org\",\"@graph\":[{\"@type\":\"WebPage\",\"@id\":\"https:\/\/www.albouyequipement.com\/alimentation-ovins\/\",\"url\":\"https:\/\/www.albouyequipement.com\/alimentation-ovins\/\",\"name\":\"Albouy \u00c9quipement | Mat\u00e9riel pour l'Alimentation des Ovins\",\"isPartOf\":{\"@id\":\"https:\/\/www.albouyequipement.com\/#website\"},\"primaryImageOfPage\":{\"@id\":\"https:\/\/www.albouyequipement.com\/alimentation-ovins\/#primaryimage\"},\"image\":{\"@id\":\"https:\/\/www.albouyequipement.com\/alimentation-ovins\/#primaryimage\"},\"thumbnailUrl\":\"https:\/\/www.albouyequipement.com\/wp-content\/uploads\/2023\/09\/Fichier-8.png\",\"datePublished\":\"2024-01-17T08:59:13+00:00\",\"dateModified\":\"2024-04-17T09:01:42+00:00\",\"description\":\"Retrouvez l'ensemble de notre mat\u00e9riel destin\u00e9 \u00e0 l'alimentation des ovins, mangeoires m\u00e9canis\u00e9es, cornadis \u00e0 sceller et distributeur d'aliment\",\"breadcrumb\":{\"@id\":\"https:\/\/www.albouyequipement.com\/alimentation-ovins\/#breadcrumb\"},\"inLanguage\":\"en-GB\",\"potentialAction\":[{\"@type\":\"ReadAction\",\"target\":[\"https:\/\/www.albouyequipement.com\/alimentation-ovins\/\"]}]},{\"@type\":\"ImageObject\",\"inLanguage\":\"en-GB\",\"@id\":\"https:\/\/www.albouyequipement.com\/alimentation-ovins\/#primaryimage\",\"url\":\"https:\/\/www.albouyequipement.com\/wp-content\/uploads\/2023\/09\/Fichier-8.png\",\"contentUrl\":\"https:\/\/www.albouyequipement.com\/wp-content\/uploads\/2023\/09\/Fichier-8.png\"},{\"@type\":\"BreadcrumbList\",\"@id\":\"https:\/\/www.albouyequipement.com\/alimentation-ovins\/#breadcrumb\",\"itemListElement\":[{\"@type\":\"ListItem\",\"position\":1,\"name\":\"Accueil\",\"item\":\"https:\/\/www.albouyequipement.com\/\"},{\"@type\":\"ListItem\",\"position\":2,\"name\":\"Alimentation ovins\"}]},{\"@type\":\"WebSite\",\"@id\":\"https:\/\/www.albouyequipement.com\/#website\",\"url\":\"https:\/\/www.albouyequipement.com\/\",\"name\":\"Albouy Equipement\",\"description\":\"Le sp\u00e9cialiste aux petits soins des \u00e9leveurs et des troupeaux\",\"publisher\":{\"@id\":\"https:\/\/www.albouyequipement.com\/#organization\"},\"potentialAction\":[{\"@type\":\"SearchAction\",\"target\":{\"@type\":\"EntryPoint\",\"urlTemplate\":\"https:\/\/www.albouyequipement.com\/?s={search_term_string}\"},\"query-input\":{\"@type\":\"PropertyValueSpecification\",\"valueRequired\":true,\"valueName\":\"search_term_string\"}}],\"inLanguage\":\"en-GB\"},{\"@type\":\"Organization\",\"@id\":\"https:\/\/www.albouyequipement.com\/#organization\",\"name\":\"Albouy Equipement\",\"url\":\"https:\/\/www.albouyequipement.com\/\",\"logo\":{\"@type\":\"ImageObject\",\"inLanguage\":\"en-GB\",\"@id\":\"https:\/\/www.albouyequipement.com\/#\/schema\/logo\/image\/\",\"url\":\"https:\/\/www.albouyequipement.com\/wp-content\/uploads\/2023\/07\/cropped-logo-albouy-equipement-long.png\",\"contentUrl\":\"https:\/\/www.albouyequipement.com\/wp-content\/uploads\/2023\/07\/cropped-logo-albouy-equipement-long.png\",\"width\":457,\"height\":114,\"caption\":\"Albouy Equipement\"},\"image\":{\"@id\":\"https:\/\/www.albouyequipement.com\/#\/schema\/logo\/image\/\"}}]}<\/script>\n<!-- \/ Yoast SEO plugin. -->","yoast_head_json":{"title":"Albouy \u00c9quipement | Mat\u00e9riel pour l'Alimentation des Ovins","description":"Retrouvez l'ensemble de notre mat\u00e9riel destin\u00e9 \u00e0 l'alimentation des ovins, mangeoires m\u00e9canis\u00e9es, cornadis \u00e0 sceller et distributeur d'aliment","robots":{"index":"index","follow":"follow","max-snippet":"max-snippet:-1","max-image-preview":"max-image-preview:large","max-video-preview":"max-video-preview:-1"},"canonical":"https:\/\/www.albouyequipement.com\/en\/alimentation-ovins\/","og_locale":"en_GB","og_type":"article","og_title":"Albouy \u00c9quipement | Mat\u00e9riel pour l'Alimentation des Ovins","og_description":"Retrouvez l'ensemble de notre mat\u00e9riel destin\u00e9 \u00e0 l'alimentation des ovins, mangeoires m\u00e9canis\u00e9es, cornadis \u00e0 sceller et distributeur d'aliment","og_url":"https:\/\/www.albouyequipement.com\/en\/alimentation-ovins\/","og_site_name":"Albouy Equipement","article_modified_time":"2024-04-17T09:01:42+00:00","og_image":[{"url":"https:\/\/www.albouyequipement.com\/wp-content\/uploads\/2023\/09\/Fichier-8.png","type":"","width":"","height":""}],"twitter_card":"summary_large_image","twitter_misc":{"Estimated reading time":"1 minute"},"schema":{"@context":"https:\/\/schema.org","@graph":[{"@type":"WebPage","@id":"https:\/\/www.albouyequipement.com\/alimentation-ovins\/","url":"https:\/\/www.albouyequipement.com\/alimentation-ovins\/","name":"Albouy \u00c9quipement | Mat\u00e9riel pour l'Alimentation des Ovins","isPartOf":{"@id":"https:\/\/www.albouyequipement.com\/#website"},"primaryImageOfPage":{"@id":"https:\/\/www.albouyequipement.com\/alimentation-ovins\/#primaryimage"},"image":{"@id":"https:\/\/www.albouyequipement.com\/alimentation-ovins\/#primaryimage"},"thumbnailUrl":"https:\/\/www.albouyequipement.com\/wp-content\/uploads\/2023\/09\/Fichier-8.png","datePublished":"2024-01-17T08:59:13+00:00","dateModified":"2024-04-17T09:01:42+00:00","description":"Retrouvez l'ensemble de notre mat\u00e9riel destin\u00e9 \u00e0 l'alimentation des ovins, mangeoires m\u00e9canis\u00e9es, cornadis \u00e0 sceller et distributeur d'aliment","breadcrumb":{"@id":"https:\/\/www.albouyequipement.com\/alimentation-ovins\/#breadcrumb"},"inLanguage":"en-GB","potentialAction":[{"@type":"ReadAction","target":["https:\/\/www.albouyequipement.com\/alimentation-ovins\/"]}]},{"@type":"ImageObject","inLanguage":"en-GB","@id":"https:\/\/www.albouyequipement.com\/alimentation-ovins\/#primaryimage","url":"https:\/\/www.albouyequipement.com\/wp-content\/uploads\/2023\/09\/Fichier-8.png","contentUrl":"https:\/\/www.albouyequipement.com\/wp-content\/uploads\/2023\/09\/Fichier-8.png"},{"@type":"BreadcrumbList","@id":"https:\/\/www.albouyequipement.com\/alimentation-ovins\/#breadcrumb","itemListElement":[{"@type":"ListItem","position":1,"name":"Accueil","item":"https:\/\/www.albouyequipement.com\/"},{"@type":"ListItem","position":2,"name":"Alimentation ovins"}]},{"@type":"WebSite","@id":"https:\/\/www.albouyequipement.com\/#website","url":"https:\/\/www.albouyequipement.com\/","name":"Albouy Equipement","description":"Le sp\u00e9cialiste aux petits soins des \u00e9leveurs et des troupeaux","publisher":{"@id":"https:\/\/www.albouyequipement.com\/#organization"},"potentialAction":[{"@type":"SearchAction","target":{"@type":"EntryPoint","urlTemplate":"https:\/\/www.albouyequipement.com\/?s={search_term_string}"},"query-input":{"@type":"PropertyValueSpecification","valueRequired":true,"valueName":"search_term_string"}}],"inLanguage":"en-GB"},{"@type":"Organization","@id":"https:\/\/www.albouyequipement.com\/#organization","name":"Albouy Equipement","url":"https:\/\/www.albouyequipement.com\/","logo":{"@type":"ImageObject","inLanguage":"en-GB","@id":"https:\/\/www.albouyequipement.com\/#\/schema\/logo\/image\/","url":"https:\/\/www.albouyequipement.com\/wp-content\/uploads\/2023\/07\/cropped-logo-albouy-equipement-long.png","contentUrl":"https:\/\/www.albouyequipement.com\/wp-content\/uploads\/2023\/07\/cropped-logo-albouy-equipement-long.png","width":457,"height":114,"caption":"Albouy Equipement"},"image":{"@id":"https:\/\/www.albouyequipement.com\/#\/schema\/logo\/image\/"}}]}},"_links":{"self":[{"href":"https:\/\/www.albouyequipement.com\/en\/wp-json\/wp\/v2\/pages\/2239","targetHints":{"allow":["GET"]}}],"collection":[{"href":"https:\/\/www.albouyequipement.com\/en\/wp-json\/wp\/v2\/pages"}],"about":[{"href":"https:\/\/www.albouyequipement.com\/en\/wp-json\/wp\/v2\/types\/page"}],"author":[{"embeddable":true,"href":"https:\/\/www.albouyequipement.com\/en\/wp-json\/wp\/v2\/users\/1"}],"replies":[{"embeddable":true,"href":"https:\/\/www.albouyequipement.com\/en\/wp-json\/wp\/v2\/comments?post=2239"}],"version-history":[{"count":233,"href":"https:\/\/www.albouyequipement.com\/en\/wp-json\/wp\/v2\/pages\/2239\/revisions"}],"predecessor-version":[{"id":6195,"href":"https:\/\/www.albouyequipement.com\/en\/wp-json\/wp\/v2\/pages\/2239\/revisions\/6195"}],"wp:attachment":[{"href":"https:\/\/www.albouyequipement.com\/en\/wp-json\/wp\/v2\/media?parent=2239"}],"curies":[{"name":"wp","href":"https:\/\/api.w.org\/{rel}","templated":true}]}}