{"id":4584,"date":"2024-02-14T17:56:37","date_gmt":"2024-02-14T16:56:37","guid":{"rendered":"https:\/\/albouyequipement.com\/?page_id=4584"},"modified":"2024-04-12T17:22:02","modified_gmt":"2024-04-12T15:22:02","slug":"indicateur-de-place","status":"publish","type":"page","link":"https:\/\/www.albouyequipement.com\/en\/indicateur-de-place\/","title":{"rendered":"Place indicator"},"content":{"rendered":"<div data-elementor-type=\"wp-page\" data-elementor-id=\"4584\" class=\"elementor elementor-4584\" data-elementor-post-type=\"page\">\n\t\t\t\t\t\t<section class=\"elementor-section elementor-top-section elementor-element elementor-element-9885a7e elementor-section-height-min-height elementor-section-boxed elementor-section-height-default elementor-section-items-middle\" data-id=\"9885a7e\" data-element_type=\"section\" data-settings=\"{&quot;background_background&quot;:&quot;classic&quot;}\">\n\t\t\t\t\t\t\t<div class=\"elementor-background-overlay\"><\/div>\n\t\t\t\t\t\t\t<div class=\"elementor-container elementor-column-gap-default\">\n\t\t\t\t\t<div class=\"elementor-column elementor-col-100 elementor-top-column elementor-element elementor-element-ea65b57\" data-id=\"ea65b57\" data-element_type=\"column\">\n\t\t\t<div class=\"elementor-widget-wrap elementor-element-populated\">\n\t\t\t\t\t\t<div class=\"elementor-element elementor-element-079f7ae elementor-widget elementor-widget-heading\" data-id=\"079f7ae\" data-element_type=\"widget\" data-widget_type=\"heading.default\">\n\t\t\t\t<div class=\"elementor-widget-container\">\n\t\t\t\t\t<h1 class=\"elementor-heading-title elementor-size-default\">Place indicator<\/h1>\t\t\t\t<\/div>\n\t\t\t\t<\/div>\n\t\t\t\t\t<\/div>\n\t\t<\/div>\n\t\t\t\t\t<\/div>\n\t\t<\/section>\n\t\t\t\t<section class=\"elementor-section elementor-top-section elementor-element elementor-element-4b1b9ad elementor-section-boxed elementor-section-height-default elementor-section-height-default\" data-id=\"4b1b9ad\" data-element_type=\"section\">\n\t\t\t\t\t\t<div class=\"elementor-container elementor-column-gap-default\">\n\t\t\t\t\t<div class=\"elementor-column elementor-col-100 elementor-top-column elementor-element elementor-element-af3ba2a\" data-id=\"af3ba2a\" data-element_type=\"column\">\n\t\t\t<div class=\"elementor-widget-wrap elementor-element-populated\">\n\t\t\t\t\t\t<div class=\"elementor-element elementor-element-a102c16 elementor-icon-list--layout-traditional elementor-list-item-link-full_width elementor-widget elementor-widget-icon-list\" data-id=\"a102c16\" data-element_type=\"widget\" data-widget_type=\"icon-list.default\">\n\t\t\t\t<div class=\"elementor-widget-container\">\n\t\t\t\t\t\t\t<ul class=\"elementor-icon-list-items\">\n\t\t\t\t\t\t\t<li class=\"elementor-icon-list-item\">\n\t\t\t\t\t\t\t\t\t\t\t<a href=\"\/en\/traite-ovins\/\">\n\n\t\t\t\t\t\t\t\t\t\t\t\t<span class=\"elementor-icon-list-icon\">\n\t\t\t\t\t\t\t<svg xmlns=\"http:\/\/www.w3.org\/2000\/svg\" xmlns:xlink=\"http:\/\/www.w3.org\/1999\/xlink\" id=\"Calque_1\" x=\"0px\" y=\"0px\" viewbox=\"0 0 59.1 44.3\" style=\"enable-background:new 0 0 59.1 44.3;\" xml:space=\"preserve\"><path id=\"Trac&#xE9;_24\" d=\"M16,22.8l15.7,15.7l1.4-1.4L20,24h23.1v-2H19.7L34.5,7.2L33,5.8L16,22.8z\"><\/path><\/svg>\t\t\t\t\t\t<\/span>\n\t\t\t\t\t\t\t\t\t\t<span class=\"elementor-icon-list-text\">Back<\/span>\n\t\t\t\t\t\t\t\t\t\t\t<\/a>\n\t\t\t\t\t\t\t\t\t<\/li>\n\t\t\t\t\t\t<\/ul>\n\t\t\t\t\t\t<\/div>\n\t\t\t\t<\/div>\n\t\t\t\t\t<\/div>\n\t\t<\/div>\n\t\t\t\t\t<\/div>\n\t\t<\/section>\n\t\t\t\t<section class=\"elementor-section elementor-top-section elementor-element elementor-element-bffa2ca elementor-section-boxed elementor-section-height-default elementor-section-height-default\" data-id=\"bffa2ca\" data-element_type=\"section\">\n\t\t\t\t\t\t<div class=\"elementor-container elementor-column-gap-default\">\n\t\t\t\t\t<div class=\"elementor-column elementor-col-50 elementor-top-column elementor-element elementor-element-c1d1013\" data-id=\"c1d1013\" data-element_type=\"column\" data-settings=\"{&quot;background_background&quot;:&quot;classic&quot;}\">\n\t\t\t<div class=\"elementor-widget-wrap elementor-element-populated\">\n\t\t\t\t\t\t<div class=\"elementor-element elementor-element-55e6dc5 elementor-widget elementor-widget-spacer\" data-id=\"55e6dc5\" data-element_type=\"widget\" data-widget_type=\"spacer.default\">\n\t\t\t\t<div class=\"elementor-widget-container\">\n\t\t\t\t\t\t\t<div class=\"elementor-spacer\">\n\t\t\t<div class=\"elementor-spacer-inner\"><\/div>\n\t\t<\/div>\n\t\t\t\t\t\t<\/div>\n\t\t\t\t<\/div>\n\t\t\t\t\t<\/div>\n\t\t<\/div>\n\t\t\t\t<div class=\"elementor-column elementor-col-50 elementor-top-column elementor-element elementor-element-bf404a5\" data-id=\"bf404a5\" data-element_type=\"column\">\n\t\t\t<div class=\"elementor-widget-wrap elementor-element-populated\">\n\t\t\t\t\t\t<section class=\"elementor-section elementor-inner-section elementor-element elementor-element-a277a69 elementor-section-boxed elementor-section-height-default elementor-section-height-default\" data-id=\"a277a69\" data-element_type=\"section\">\n\t\t\t\t\t\t<div class=\"elementor-container elementor-column-gap-default\">\n\t\t\t\t\t<div class=\"elementor-column elementor-col-33 elementor-inner-column elementor-element elementor-element-a234537\" data-id=\"a234537\" data-element_type=\"column\">\n\t\t\t<div class=\"elementor-widget-wrap elementor-element-populated\">\n\t\t\t\t\t\t<div class=\"elementor-element elementor-element-6da3b2d elementor-widget elementor-widget-image\" data-id=\"6da3b2d\" data-element_type=\"widget\" data-widget_type=\"image.default\">\n\t\t\t\t<div class=\"elementor-widget-container\">\n\t\t\t\t\t\t\t\t\t\t\t\t\t\t\t<img decoding=\"async\" width=\"119\" height=\"119\" src=\"https:\/\/www.albouyequipement.com\/wp-content\/uploads\/2023\/09\/Fichier-8.png\" class=\"attachment-large size-large wp-image-751\" alt=\"\" srcset=\"https:\/\/www.albouyequipement.com\/wp-content\/uploads\/2023\/09\/Fichier-8.png 119w, https:\/\/www.albouyequipement.com\/wp-content\/uploads\/2023\/09\/Fichier-8-100x100.png 100w\" sizes=\"(max-width: 119px) 100vw, 119px\" \/>\t\t\t\t\t\t\t\t\t\t\t\t\t\t\t<\/div>\n\t\t\t\t<\/div>\n\t\t\t\t\t<\/div>\n\t\t<\/div>\n\t\t\t\t<div class=\"elementor-column elementor-col-33 elementor-inner-column elementor-element elementor-element-6e80db4\" data-id=\"6e80db4\" data-element_type=\"column\">\n\t\t\t<div class=\"elementor-widget-wrap elementor-element-populated\">\n\t\t\t\t\t\t<div class=\"elementor-element elementor-element-c495ed8 elementor-widget elementor-widget-image\" data-id=\"c495ed8\" data-element_type=\"widget\" data-widget_type=\"image.default\">\n\t\t\t\t<div class=\"elementor-widget-container\">\n\t\t\t\t\t\t\t\t\t\t\t\t\t\t\t<img decoding=\"async\" width=\"118\" height=\"119\" src=\"https:\/\/www.albouyequipement.com\/wp-content\/uploads\/2023\/09\/Fichier-7.png\" class=\"attachment-large size-large wp-image-750\" alt=\"\" srcset=\"https:\/\/www.albouyequipement.com\/wp-content\/uploads\/2023\/09\/Fichier-7.png 118w, https:\/\/www.albouyequipement.com\/wp-content\/uploads\/2023\/09\/Fichier-7-100x100.png 100w\" sizes=\"(max-width: 118px) 100vw, 118px\" \/>\t\t\t\t\t\t\t\t\t\t\t\t\t\t\t<\/div>\n\t\t\t\t<\/div>\n\t\t\t\t\t<\/div>\n\t\t<\/div>\n\t\t\t\t<div class=\"elementor-column elementor-col-33 elementor-inner-column elementor-element elementor-element-0684fb5\" data-id=\"0684fb5\" data-element_type=\"column\">\n\t\t\t<div class=\"elementor-widget-wrap elementor-element-populated\">\n\t\t\t\t\t\t<div class=\"elementor-element elementor-element-eb05c25 elementor-widget elementor-widget-heading\" data-id=\"eb05c25\" data-element_type=\"widget\" data-widget_type=\"heading.default\">\n\t\t\t\t<div class=\"elementor-widget-container\">\n\t\t\t\t\t<h2 class=\"elementor-heading-title elementor-size-default\">In addition to the DAC, we offer you a stall indicator with three main functions.<\/h2>\t\t\t\t<\/div>\n\t\t\t\t<\/div>\n\t\t\t\t\t<\/div>\n\t\t<\/div>\n\t\t\t\t\t<\/div>\n\t\t<\/section>\n\t\t\t\t<div class=\"elementor-element elementor-element-8ccb26c elementor-widget elementor-widget-text-editor\" data-id=\"8ccb26c\" data-element_type=\"widget\" data-widget_type=\"text-editor.default\">\n\t\t\t\t<div class=\"elementor-widget-container\">\n\t\t\t\t\t\t\t\t\t<p>The display of the animal's number across the entire controller, simplifying its readability.<\/p><p>The search for animals that, assigned to a group, will be instantly signaled to the farmer by a light indicator with its 7 different colors. You can assign a different signal level depending on the importance of the alert.<\/p><p>Assign or remove an animal from a group with a simple press of a button. For example, an animal assigned to the 'to be vaccinated' group will be automatically removed from the group once vaccinated when the farmer presses the light button.<\/p>\t\t\t\t\t\t\t\t<\/div>\n\t\t\t\t<\/div>\n\t\t\t\t<section class=\"elementor-section elementor-inner-section elementor-element elementor-element-624c7a0 elementor-section-boxed elementor-section-height-default elementor-section-height-default\" data-id=\"624c7a0\" data-element_type=\"section\" data-settings=\"{&quot;animation_mobile&quot;:&quot;fadeInDown&quot;}\">\n\t\t\t\t\t\t<div class=\"elementor-container elementor-column-gap-default\">\n\t\t\t\t\t<div class=\"elementor-column elementor-col-50 elementor-inner-column elementor-element elementor-element-e39bc41\" data-id=\"e39bc41\" data-element_type=\"column\">\n\t\t\t<div class=\"elementor-widget-wrap elementor-element-populated\">\n\t\t\t\t\t\t<div class=\"elementor-element elementor-element-8e63f41 elementor-widget elementor-widget-heading\" data-id=\"8e63f41\" data-element_type=\"widget\" data-widget_type=\"heading.default\">\n\t\t\t\t<div class=\"elementor-widget-container\">\n\t\t\t\t\t<h2 class=\"elementor-heading-title elementor-size-default\">Interested in <br>learning more ?<\/h2>\t\t\t\t<\/div>\n\t\t\t\t<\/div>\n\t\t\t\t\t<\/div>\n\t\t<\/div>\n\t\t\t\t<div class=\"elementor-column elementor-col-50 elementor-inner-column elementor-element elementor-element-b2d12bb\" data-id=\"b2d12bb\" data-element_type=\"column\">\n\t\t\t<div class=\"elementor-widget-wrap elementor-element-populated\">\n\t\t\t\t\t\t<div class=\"elementor-element elementor-element-2c17f62 elementor-align-center elementor-mobile-align-center elementor-widget elementor-widget-button\" data-id=\"2c17f62\" data-element_type=\"widget\" data-widget_type=\"button.default\">\n\t\t\t\t<div class=\"elementor-widget-container\">\n\t\t\t\t\t\t\t\t\t<div class=\"elementor-button-wrapper\">\n\t\t\t\t\t<a class=\"elementor-button elementor-button-link elementor-size-sm\" href=\"#elementor-action%3Aaction%3Dpopup%3Aopen%26settings%3DeyJpZCI6IjEzNzIiLCJ0b2dnbGUiOmZhbHNlfQ%3D%3D\">\n\t\t\t\t\t\t<span class=\"elementor-button-content-wrapper\">\n\t\t\t\t\t\t\t\t\t<span class=\"elementor-button-text\">REQUEST A FREE QUOTE<\/span>\n\t\t\t\t\t<\/span>\n\t\t\t\t\t<\/a>\n\t\t\t\t<\/div>\n\t\t\t\t\t\t\t\t<\/div>\n\t\t\t\t<\/div>\n\t\t\t\t\t<\/div>\n\t\t<\/div>\n\t\t\t\t\t<\/div>\n\t\t<\/section>\n\t\t\t\t\t<\/div>\n\t\t<\/div>\n\t\t\t\t\t<\/div>\n\t\t<\/section>\n\t\t\t\t<section class=\"elementor-section elementor-top-section elementor-element elementor-element-ffbe7dc elementor-section-boxed elementor-section-height-default elementor-section-height-default\" data-id=\"ffbe7dc\" data-element_type=\"section\">\n\t\t\t\t\t\t<div class=\"elementor-container elementor-column-gap-default\">\n\t\t\t\t\t<div class=\"elementor-column elementor-col-100 elementor-top-column elementor-element elementor-element-b7cf74e\" data-id=\"b7cf74e\" data-element_type=\"column\" data-settings=\"{&quot;background_background&quot;:&quot;classic&quot;}\">\n\t\t\t<div class=\"elementor-widget-wrap elementor-element-populated\">\n\t\t\t\t\t\t<div class=\"elementor-element elementor-element-7290ecc elementor-widget elementor-widget-text-editor\" data-id=\"7290ecc\" data-element_type=\"widget\" data-widget_type=\"text-editor.default\">\n\t\t\t\t<div class=\"elementor-widget-container\">\n\t\t\t\t\t\t\t\t\t<p>This stall indicator will be an indispensable daily tool in monitoring your herd.<\/p><p>A Bluetooth connection will be installed to simplify the recording of your herd data on the controller.<\/p>\t\t\t\t\t\t\t\t<\/div>\n\t\t\t\t<\/div>\n\t\t\t\t\t<\/div>\n\t\t<\/div>\n\t\t\t\t\t<\/div>\n\t\t<\/section>\n\t\t\t\t<\/div>","protected":false},"excerpt":{"rendered":"<p>Retour En compl\u00e9ment du DAC, nous vous proposons un indicateur de place avec 3 fonctions principales. L&rsquo;affichage du num\u00e9ro de l&rsquo;animal sur l&rsquo;int\u00e9gralit\u00e9 de l&rsquo;automate, ce qui en simplifiera sa lecture. La recherche des animaux qui, affect\u00e9s \u00e0 un lot, seront signal\u00e9s \u00e0 l&rsquo;\u00e9leveur instantan\u00e9ment de par un voyant lumineux avec ses 7 couleurs diff\u00e9rentes. [&hellip;]<\/p>","protected":false},"author":1,"featured_media":0,"parent":0,"menu_order":0,"comment_status":"closed","ping_status":"closed","template":"elementor_header_footer","meta":{"inline_featured_image":false,"_vp_format_video_url":"","_vp_image_focal_point":[],"footnotes":""},"class_list":["post-4584","page","type-page","status-publish","hentry","entry"],"yoast_head":"<!-- This site is optimized with the Yoast SEO plugin v25.3 - https:\/\/yoast.com\/wordpress\/plugins\/seo\/ -->\n<title>Indicateur de place - Albouy Equipement<\/title>\n<meta name=\"robots\" content=\"index, follow, max-snippet:-1, max-image-preview:large, max-video-preview:-1\" \/>\n<link rel=\"canonical\" href=\"https:\/\/www.albouyequipement.com\/en\/indicateur-de-place\/\" \/>\n<meta property=\"og:locale\" content=\"en_GB\" \/>\n<meta property=\"og:type\" content=\"article\" \/>\n<meta property=\"og:title\" content=\"Indicateur de place - Albouy Equipement\" \/>\n<meta property=\"og:description\" content=\"Retour En compl\u00e9ment du DAC, nous vous proposons un indicateur de place avec 3 fonctions principales. L&rsquo;affichage du num\u00e9ro de l&rsquo;animal sur l&rsquo;int\u00e9gralit\u00e9 de l&rsquo;automate, ce qui en simplifiera sa lecture. La recherche des animaux qui, affect\u00e9s \u00e0 un lot, seront signal\u00e9s \u00e0 l&rsquo;\u00e9leveur instantan\u00e9ment de par un voyant lumineux avec ses 7 couleurs diff\u00e9rentes. [&hellip;]\" \/>\n<meta property=\"og:url\" content=\"https:\/\/www.albouyequipement.com\/en\/indicateur-de-place\/\" \/>\n<meta property=\"og:site_name\" content=\"Albouy Equipement\" \/>\n<meta property=\"article:modified_time\" content=\"2024-04-12T15:22:02+00:00\" \/>\n<meta property=\"og:image\" content=\"https:\/\/www.albouyequipement.com\/wp-content\/uploads\/2023\/09\/Fichier-8.png\" \/>\n<meta name=\"twitter:card\" content=\"summary_large_image\" \/>\n<meta name=\"twitter:label1\" content=\"Estimated reading time\" \/>\n\t<meta name=\"twitter:data1\" content=\"1 minute\" \/>\n<script type=\"application\/ld+json\" class=\"yoast-schema-graph\">{\"@context\":\"https:\/\/schema.org\",\"@graph\":[{\"@type\":\"WebPage\",\"@id\":\"https:\/\/www.albouyequipement.com\/indicateur-de-place\/\",\"url\":\"https:\/\/www.albouyequipement.com\/indicateur-de-place\/\",\"name\":\"Indicateur de place - Albouy Equipement\",\"isPartOf\":{\"@id\":\"https:\/\/www.albouyequipement.com\/#website\"},\"primaryImageOfPage\":{\"@id\":\"https:\/\/www.albouyequipement.com\/indicateur-de-place\/#primaryimage\"},\"image\":{\"@id\":\"https:\/\/www.albouyequipement.com\/indicateur-de-place\/#primaryimage\"},\"thumbnailUrl\":\"https:\/\/www.albouyequipement.com\/wp-content\/uploads\/2023\/09\/Fichier-8.png\",\"datePublished\":\"2024-02-14T16:56:37+00:00\",\"dateModified\":\"2024-04-12T15:22:02+00:00\",\"breadcrumb\":{\"@id\":\"https:\/\/www.albouyequipement.com\/indicateur-de-place\/#breadcrumb\"},\"inLanguage\":\"en-GB\",\"potentialAction\":[{\"@type\":\"ReadAction\",\"target\":[\"https:\/\/www.albouyequipement.com\/indicateur-de-place\/\"]}]},{\"@type\":\"ImageObject\",\"inLanguage\":\"en-GB\",\"@id\":\"https:\/\/www.albouyequipement.com\/indicateur-de-place\/#primaryimage\",\"url\":\"https:\/\/www.albouyequipement.com\/wp-content\/uploads\/2023\/09\/Fichier-8.png\",\"contentUrl\":\"https:\/\/www.albouyequipement.com\/wp-content\/uploads\/2023\/09\/Fichier-8.png\"},{\"@type\":\"BreadcrumbList\",\"@id\":\"https:\/\/www.albouyequipement.com\/indicateur-de-place\/#breadcrumb\",\"itemListElement\":[{\"@type\":\"ListItem\",\"position\":1,\"name\":\"Accueil\",\"item\":\"https:\/\/www.albouyequipement.com\/\"},{\"@type\":\"ListItem\",\"position\":2,\"name\":\"Indicateur de place\"}]},{\"@type\":\"WebSite\",\"@id\":\"https:\/\/www.albouyequipement.com\/#website\",\"url\":\"https:\/\/www.albouyequipement.com\/\",\"name\":\"Albouy Equipement\",\"description\":\"Le sp\u00e9cialiste aux petits soins des \u00e9leveurs et des troupeaux\",\"publisher\":{\"@id\":\"https:\/\/www.albouyequipement.com\/#organization\"},\"potentialAction\":[{\"@type\":\"SearchAction\",\"target\":{\"@type\":\"EntryPoint\",\"urlTemplate\":\"https:\/\/www.albouyequipement.com\/?s={search_term_string}\"},\"query-input\":{\"@type\":\"PropertyValueSpecification\",\"valueRequired\":true,\"valueName\":\"search_term_string\"}}],\"inLanguage\":\"en-GB\"},{\"@type\":\"Organization\",\"@id\":\"https:\/\/www.albouyequipement.com\/#organization\",\"name\":\"Albouy Equipement\",\"url\":\"https:\/\/www.albouyequipement.com\/\",\"logo\":{\"@type\":\"ImageObject\",\"inLanguage\":\"en-GB\",\"@id\":\"https:\/\/www.albouyequipement.com\/#\/schema\/logo\/image\/\",\"url\":\"https:\/\/www.albouyequipement.com\/wp-content\/uploads\/2023\/07\/cropped-logo-albouy-equipement-long.png\",\"contentUrl\":\"https:\/\/www.albouyequipement.com\/wp-content\/uploads\/2023\/07\/cropped-logo-albouy-equipement-long.png\",\"width\":457,\"height\":114,\"caption\":\"Albouy Equipement\"},\"image\":{\"@id\":\"https:\/\/www.albouyequipement.com\/#\/schema\/logo\/image\/\"}}]}<\/script>\n<!-- \/ Yoast SEO plugin. -->","yoast_head_json":{"title":"Indicateur de place - Albouy Equipement","robots":{"index":"index","follow":"follow","max-snippet":"max-snippet:-1","max-image-preview":"max-image-preview:large","max-video-preview":"max-video-preview:-1"},"canonical":"https:\/\/www.albouyequipement.com\/en\/indicateur-de-place\/","og_locale":"en_GB","og_type":"article","og_title":"Indicateur de place - Albouy Equipement","og_description":"Retour En compl\u00e9ment du DAC, nous vous proposons un indicateur de place avec 3 fonctions principales. L&rsquo;affichage du num\u00e9ro de l&rsquo;animal sur l&rsquo;int\u00e9gralit\u00e9 de l&rsquo;automate, ce qui en simplifiera sa lecture. La recherche des animaux qui, affect\u00e9s \u00e0 un lot, seront signal\u00e9s \u00e0 l&rsquo;\u00e9leveur instantan\u00e9ment de par un voyant lumineux avec ses 7 couleurs diff\u00e9rentes. [&hellip;]","og_url":"https:\/\/www.albouyequipement.com\/en\/indicateur-de-place\/","og_site_name":"Albouy Equipement","article_modified_time":"2024-04-12T15:22:02+00:00","og_image":[{"url":"https:\/\/www.albouyequipement.com\/wp-content\/uploads\/2023\/09\/Fichier-8.png","type":"","width":"","height":""}],"twitter_card":"summary_large_image","twitter_misc":{"Estimated reading time":"1 minute"},"schema":{"@context":"https:\/\/schema.org","@graph":[{"@type":"WebPage","@id":"https:\/\/www.albouyequipement.com\/indicateur-de-place\/","url":"https:\/\/www.albouyequipement.com\/indicateur-de-place\/","name":"Indicateur de place - Albouy Equipement","isPartOf":{"@id":"https:\/\/www.albouyequipement.com\/#website"},"primaryImageOfPage":{"@id":"https:\/\/www.albouyequipement.com\/indicateur-de-place\/#primaryimage"},"image":{"@id":"https:\/\/www.albouyequipement.com\/indicateur-de-place\/#primaryimage"},"thumbnailUrl":"https:\/\/www.albouyequipement.com\/wp-content\/uploads\/2023\/09\/Fichier-8.png","datePublished":"2024-02-14T16:56:37+00:00","dateModified":"2024-04-12T15:22:02+00:00","breadcrumb":{"@id":"https:\/\/www.albouyequipement.com\/indicateur-de-place\/#breadcrumb"},"inLanguage":"en-GB","potentialAction":[{"@type":"ReadAction","target":["https:\/\/www.albouyequipement.com\/indicateur-de-place\/"]}]},{"@type":"ImageObject","inLanguage":"en-GB","@id":"https:\/\/www.albouyequipement.com\/indicateur-de-place\/#primaryimage","url":"https:\/\/www.albouyequipement.com\/wp-content\/uploads\/2023\/09\/Fichier-8.png","contentUrl":"https:\/\/www.albouyequipement.com\/wp-content\/uploads\/2023\/09\/Fichier-8.png"},{"@type":"BreadcrumbList","@id":"https:\/\/www.albouyequipement.com\/indicateur-de-place\/#breadcrumb","itemListElement":[{"@type":"ListItem","position":1,"name":"Accueil","item":"https:\/\/www.albouyequipement.com\/"},{"@type":"ListItem","position":2,"name":"Indicateur de place"}]},{"@type":"WebSite","@id":"https:\/\/www.albouyequipement.com\/#website","url":"https:\/\/www.albouyequipement.com\/","name":"Albouy Equipement","description":"Le sp\u00e9cialiste aux petits soins des \u00e9leveurs et des troupeaux","publisher":{"@id":"https:\/\/www.albouyequipement.com\/#organization"},"potentialAction":[{"@type":"SearchAction","target":{"@type":"EntryPoint","urlTemplate":"https:\/\/www.albouyequipement.com\/?s={search_term_string}"},"query-input":{"@type":"PropertyValueSpecification","valueRequired":true,"valueName":"search_term_string"}}],"inLanguage":"en-GB"},{"@type":"Organization","@id":"https:\/\/www.albouyequipement.com\/#organization","name":"Albouy Equipement","url":"https:\/\/www.albouyequipement.com\/","logo":{"@type":"ImageObject","inLanguage":"en-GB","@id":"https:\/\/www.albouyequipement.com\/#\/schema\/logo\/image\/","url":"https:\/\/www.albouyequipement.com\/wp-content\/uploads\/2023\/07\/cropped-logo-albouy-equipement-long.png","contentUrl":"https:\/\/www.albouyequipement.com\/wp-content\/uploads\/2023\/07\/cropped-logo-albouy-equipement-long.png","width":457,"height":114,"caption":"Albouy Equipement"},"image":{"@id":"https:\/\/www.albouyequipement.com\/#\/schema\/logo\/image\/"}}]}},"_links":{"self":[{"href":"https:\/\/www.albouyequipement.com\/en\/wp-json\/wp\/v2\/pages\/4584","targetHints":{"allow":["GET"]}}],"collection":[{"href":"https:\/\/www.albouyequipement.com\/en\/wp-json\/wp\/v2\/pages"}],"about":[{"href":"https:\/\/www.albouyequipement.com\/en\/wp-json\/wp\/v2\/types\/page"}],"author":[{"embeddable":true,"href":"https:\/\/www.albouyequipement.com\/en\/wp-json\/wp\/v2\/users\/1"}],"replies":[{"embeddable":true,"href":"https:\/\/www.albouyequipement.com\/en\/wp-json\/wp\/v2\/comments?post=4584"}],"version-history":[{"count":55,"href":"https:\/\/www.albouyequipement.com\/en\/wp-json\/wp\/v2\/pages\/4584\/revisions"}],"predecessor-version":[{"id":6216,"href":"https:\/\/www.albouyequipement.com\/en\/wp-json\/wp\/v2\/pages\/4584\/revisions\/6216"}],"wp:attachment":[{"href":"https:\/\/www.albouyequipement.com\/en\/wp-json\/wp\/v2\/media?parent=4584"}],"curies":[{"name":"wp","href":"https:\/\/api.w.org\/{rel}","templated":true}]}}