{"id":6474,"date":"2025-06-11T10:54:44","date_gmt":"2025-06-11T08:54:44","guid":{"rendered":"https:\/\/www.albouyequipement.com\/?page_id=6474"},"modified":"2025-06-12T09:58:34","modified_gmt":"2025-06-12T07:58:34","slug":"alimentation","status":"publish","type":"page","link":"https:\/\/www.albouyequipement.com\/en\/alimentation\/","title":{"rendered":"FEEDING"},"content":{"rendered":"<div data-elementor-type=\"wp-page\" data-elementor-id=\"6474\" class=\"elementor elementor-6474\" data-elementor-post-type=\"page\">\n\t\t\t\t\t\t<section class=\"elementor-section elementor-top-section elementor-element elementor-element-09c1ddb elementor-section-height-min-height elementor-section-boxed elementor-section-height-default elementor-section-items-middle\" data-id=\"09c1ddb\" data-element_type=\"section\" data-settings=\"{&quot;background_background&quot;:&quot;classic&quot;}\">\n\t\t\t\t\t\t\t<div class=\"elementor-background-overlay\"><\/div>\n\t\t\t\t\t\t\t<div class=\"elementor-container elementor-column-gap-default\">\n\t\t\t\t\t<div class=\"elementor-column elementor-col-100 elementor-top-column elementor-element elementor-element-1bffba4\" data-id=\"1bffba4\" data-element_type=\"column\">\n\t\t\t<div class=\"elementor-widget-wrap elementor-element-populated\">\n\t\t\t\t\t\t<div class=\"elementor-element elementor-element-5548988 elementor-widget elementor-widget-heading\" data-id=\"5548988\" data-element_type=\"widget\" data-widget_type=\"heading.default\">\n\t\t\t\t<div class=\"elementor-widget-container\">\n\t\t\t\t\t<h1 class=\"elementor-heading-title elementor-size-default\">FEEDING<\/h1>\t\t\t\t<\/div>\n\t\t\t\t<\/div>\n\t\t\t\t\t<\/div>\n\t\t<\/div>\n\t\t\t\t\t<\/div>\n\t\t<\/section>\n\t\t\t\t<section class=\"elementor-section elementor-top-section elementor-element elementor-element-02a4681 elementor-section-boxed elementor-section-height-default elementor-section-height-default\" data-id=\"02a4681\" data-element_type=\"section\" data-settings=\"{&quot;background_background&quot;:&quot;classic&quot;}\">\n\t\t\t\t\t\t<div class=\"elementor-container elementor-column-gap-default\">\n\t\t\t\t\t<div class=\"elementor-column elementor-col-100 elementor-top-column elementor-element elementor-element-4e3b20c\" data-id=\"4e3b20c\" data-element_type=\"column\">\n\t\t\t<div class=\"elementor-widget-wrap elementor-element-populated\">\n\t\t\t\t\t\t<div class=\"elementor-element elementor-element-9ee59eb elementor-tablet-align-left elementor-mobile-align-left elementor-icon-list--layout-traditional elementor-list-item-link-full_width elementor-widget elementor-widget-icon-list\" data-id=\"9ee59eb\" data-element_type=\"widget\" data-widget_type=\"icon-list.default\">\n\t\t\t\t<div class=\"elementor-widget-container\">\n\t\t\t\t\t\t\t<ul class=\"elementor-icon-list-items\">\n\t\t\t\t\t\t\t<li class=\"elementor-icon-list-item\">\n\t\t\t\t\t\t\t\t\t\t\t<span class=\"elementor-icon-list-icon\">\n\t\t\t\t\t\t\t<i aria-hidden=\"true\" class=\"fas fa-square-full\"><\/i>\t\t\t\t\t\t<\/span>\n\t\t\t\t\t\t\t\t\t\t<span class=\"elementor-icon-list-text\">A choice suitable for all your herds<\/span>\n\t\t\t\t\t\t\t\t\t<\/li>\n\t\t\t\t\t\t<\/ul>\n\t\t\t\t\t\t<\/div>\n\t\t\t\t<\/div>\n\t\t\t\t\t<\/div>\n\t\t<\/div>\n\t\t\t\t\t<\/div>\n\t\t<\/section>\n\t\t\t\t<section class=\"elementor-section elementor-top-section elementor-element elementor-element-8158947 elementor-section-boxed elementor-section-height-default elementor-section-height-default\" data-id=\"8158947\" data-element_type=\"section\" data-settings=\"{&quot;background_background&quot;:&quot;classic&quot;}\">\n\t\t\t\t\t\t<div class=\"elementor-container elementor-column-gap-default\">\n\t\t\t\t\t<div class=\"elementor-column elementor-col-33 elementor-top-column elementor-element elementor-element-fbf1e01\" data-id=\"fbf1e01\" data-element_type=\"column\" data-settings=\"{&quot;background_background&quot;:&quot;classic&quot;}\">\n\t\t\t<div class=\"elementor-widget-wrap elementor-element-populated\">\n\t\t\t\t\t\t<div class=\"elementor-element elementor-element-948e5db elementor-widget elementor-widget-heading\" data-id=\"948e5db\" data-element_type=\"widget\" data-widget_type=\"heading.default\">\n\t\t\t\t<div class=\"elementor-widget-container\">\n\t\t\t\t\t<h2 class=\"elementor-heading-title elementor-size-default\">Feeding your sheep<\/h2>\t\t\t\t<\/div>\n\t\t\t\t<\/div>\n\t\t\t\t<div class=\"elementor-element elementor-element-de2c468 elementor-widget elementor-widget-image\" data-id=\"de2c468\" data-element_type=\"widget\" data-widget_type=\"image.default\">\n\t\t\t\t<div class=\"elementor-widget-container\">\n\t\t\t\t\t\t\t\t\t\t\t\t\t\t\t<img fetchpriority=\"high\" decoding=\"async\" width=\"700\" height=\"536\" src=\"https:\/\/www.albouyequipement.com\/wp-content\/uploads\/2024\/01\/Auge-Simple.jpg\" class=\"attachment-large size-large wp-image-2373\" alt=\"\" srcset=\"https:\/\/www.albouyequipement.com\/wp-content\/uploads\/2024\/01\/Auge-Simple.jpg 700w, https:\/\/www.albouyequipement.com\/wp-content\/uploads\/2024\/01\/Auge-Simple-300x230.jpg 300w, https:\/\/www.albouyequipement.com\/wp-content\/uploads\/2024\/01\/Auge-Simple-600x459.jpg 600w\" sizes=\"(max-width: 700px) 100vw, 700px\" \/>\t\t\t\t\t\t\t\t\t\t\t\t\t\t\t<\/div>\n\t\t\t\t<\/div>\n\t\t\t\t<div class=\"elementor-element elementor-element-80f2bbc elementor-align-center elementor-widget elementor-widget-button\" data-id=\"80f2bbc\" data-element_type=\"widget\" data-widget_type=\"button.default\">\n\t\t\t\t<div class=\"elementor-widget-container\">\n\t\t\t\t\t\t\t\t\t<div class=\"elementor-button-wrapper\">\n\t\t\t\t\t<a class=\"elementor-button elementor-button-link elementor-size-sm\" href=\"https:\/\/www.albouyequipement.com\/en\/alimentation-ovins\/\">\n\t\t\t\t\t\t<span class=\"elementor-button-content-wrapper\">\n\t\t\t\t\t\t\t\t\t<span class=\"elementor-button-text\">See<\/span>\n\t\t\t\t\t<\/span>\n\t\t\t\t\t<\/a>\n\t\t\t\t<\/div>\n\t\t\t\t\t\t\t\t<\/div>\n\t\t\t\t<\/div>\n\t\t\t\t\t<\/div>\n\t\t<\/div>\n\t\t\t\t<div class=\"elementor-column elementor-col-33 elementor-top-column elementor-element elementor-element-cc16c72\" data-id=\"cc16c72\" data-element_type=\"column\" data-settings=\"{&quot;background_background&quot;:&quot;classic&quot;}\">\n\t\t\t<div class=\"elementor-widget-wrap elementor-element-populated\">\n\t\t\t\t\t\t<div class=\"elementor-element elementor-element-2e5614f elementor-widget elementor-widget-heading\" data-id=\"2e5614f\" data-element_type=\"widget\" data-widget_type=\"heading.default\">\n\t\t\t\t<div class=\"elementor-widget-container\">\n\t\t\t\t\t<h2 class=\"elementor-heading-title elementor-size-default\">Feeding your goats<\/h2>\t\t\t\t<\/div>\n\t\t\t\t<\/div>\n\t\t\t\t<div class=\"elementor-element elementor-element-9bfea53 elementor-widget elementor-widget-image\" data-id=\"9bfea53\" data-element_type=\"widget\" data-widget_type=\"image.default\">\n\t\t\t\t<div class=\"elementor-widget-container\">\n\t\t\t\t\t\t\t\t\t\t\t\t\t\t\t<img decoding=\"async\" width=\"900\" height=\"590\" src=\"https:\/\/www.albouyequipement.com\/wp-content\/uploads\/2024\/04\/Tremie-Chevres.jpg\" class=\"attachment-large size-large wp-image-5212\" alt=\"\" srcset=\"https:\/\/www.albouyequipement.com\/wp-content\/uploads\/2024\/04\/Tremie-Chevres.jpg 900w, https:\/\/www.albouyequipement.com\/wp-content\/uploads\/2024\/04\/Tremie-Chevres-300x197.jpg 300w, https:\/\/www.albouyequipement.com\/wp-content\/uploads\/2024\/04\/Tremie-Chevres-768x503.jpg 768w, https:\/\/www.albouyequipement.com\/wp-content\/uploads\/2024\/04\/Tremie-Chevres-600x393.jpg 600w\" sizes=\"(max-width: 900px) 100vw, 900px\" \/>\t\t\t\t\t\t\t\t\t\t\t\t\t\t\t<\/div>\n\t\t\t\t<\/div>\n\t\t\t\t<div class=\"elementor-element elementor-element-103708d elementor-align-center elementor-widget elementor-widget-button\" data-id=\"103708d\" data-element_type=\"widget\" data-widget_type=\"button.default\">\n\t\t\t\t<div class=\"elementor-widget-container\">\n\t\t\t\t\t\t\t\t\t<div class=\"elementor-button-wrapper\">\n\t\t\t\t\t<a class=\"elementor-button elementor-button-link elementor-size-sm\" href=\"https:\/\/www.albouyequipement.com\/en\/alimentation-caprins\/\">\n\t\t\t\t\t\t<span class=\"elementor-button-content-wrapper\">\n\t\t\t\t\t\t\t\t\t<span class=\"elementor-button-text\">See<\/span>\n\t\t\t\t\t<\/span>\n\t\t\t\t\t<\/a>\n\t\t\t\t<\/div>\n\t\t\t\t\t\t\t\t<\/div>\n\t\t\t\t<\/div>\n\t\t\t\t\t<\/div>\n\t\t<\/div>\n\t\t\t\t<div class=\"elementor-column elementor-col-33 elementor-top-column elementor-element elementor-element-2f31d28\" data-id=\"2f31d28\" data-element_type=\"column\" data-settings=\"{&quot;background_background&quot;:&quot;classic&quot;}\">\n\t\t\t<div class=\"elementor-widget-wrap elementor-element-populated\">\n\t\t\t\t\t\t<div class=\"elementor-element elementor-element-315fc46 elementor-widget elementor-widget-heading\" data-id=\"315fc46\" data-element_type=\"widget\" data-widget_type=\"heading.default\">\n\t\t\t\t<div class=\"elementor-widget-container\">\n\t\t\t\t\t<h2 class=\"elementor-heading-title elementor-size-default\">Feeding for cattle<\/h2>\t\t\t\t<\/div>\n\t\t\t\t<\/div>\n\t\t\t\t<div class=\"elementor-element elementor-element-cfbba5a elementor-widget elementor-widget-image\" data-id=\"cfbba5a\" data-element_type=\"widget\" data-widget_type=\"image.default\">\n\t\t\t\t<div class=\"elementor-widget-container\">\n\t\t\t\t\t\t\t\t\t\t\t\t\t\t\t<img decoding=\"async\" width=\"700\" height=\"566\" src=\"https:\/\/www.albouyequipement.com\/wp-content\/uploads\/2024\/01\/Auge-Double.jpg\" class=\"attachment-large size-large wp-image-2372\" alt=\"\" srcset=\"https:\/\/www.albouyequipement.com\/wp-content\/uploads\/2024\/01\/Auge-Double.jpg 700w, https:\/\/www.albouyequipement.com\/wp-content\/uploads\/2024\/01\/Auge-Double-300x243.jpg 300w, https:\/\/www.albouyequipement.com\/wp-content\/uploads\/2024\/01\/Auge-Double-600x485.jpg 600w\" sizes=\"(max-width: 700px) 100vw, 700px\" \/>\t\t\t\t\t\t\t\t\t\t\t\t\t\t\t<\/div>\n\t\t\t\t<\/div>\n\t\t\t\t<div class=\"elementor-element elementor-element-a21026d elementor-align-center elementor-widget elementor-widget-button\" data-id=\"a21026d\" data-element_type=\"widget\" data-widget_type=\"button.default\">\n\t\t\t\t<div class=\"elementor-widget-container\">\n\t\t\t\t\t\t\t\t\t<div class=\"elementor-button-wrapper\">\n\t\t\t\t\t<a class=\"elementor-button elementor-button-link elementor-size-sm\" href=\"https:\/\/www.albouyequipement.com\/en\/alimentation-bovins\/\">\n\t\t\t\t\t\t<span class=\"elementor-button-content-wrapper\">\n\t\t\t\t\t\t\t\t\t<span class=\"elementor-button-text\">See<\/span>\n\t\t\t\t\t<\/span>\n\t\t\t\t\t<\/a>\n\t\t\t\t<\/div>\n\t\t\t\t\t\t\t\t<\/div>\n\t\t\t\t<\/div>\n\t\t\t\t\t<\/div>\n\t\t<\/div>\n\t\t\t\t\t<\/div>\n\t\t<\/section>\n\t\t\t\t<section class=\"elementor-section elementor-top-section elementor-element elementor-element-ec49cc4 elementor-section-height-min-height elementor-section-stretched elementor-section-boxed elementor-section-height-default elementor-section-items-middle\" data-id=\"ec49cc4\" data-element_type=\"section\" data-settings=\"{&quot;stretch_section&quot;:&quot;section-stretched&quot;,&quot;background_background&quot;:&quot;classic&quot;}\">\n\t\t\t\t\t\t\t<div class=\"elementor-background-overlay\"><\/div>\n\t\t\t\t\t\t\t<div class=\"elementor-container elementor-column-gap-default\">\n\t\t\t\t\t<div class=\"elementor-column elementor-col-50 elementor-top-column elementor-element elementor-element-1448fe0\" data-id=\"1448fe0\" data-element_type=\"column\">\n\t\t\t<div class=\"elementor-widget-wrap elementor-element-populated\">\n\t\t\t\t\t\t<div class=\"elementor-element elementor-element-ed54ba2 elementor-align-left elementor-mobile-align-left elementor-icon-list--layout-traditional elementor-list-item-link-full_width elementor-widget elementor-widget-icon-list\" data-id=\"ed54ba2\" data-element_type=\"widget\" data-widget_type=\"icon-list.default\">\n\t\t\t\t<div class=\"elementor-widget-container\">\n\t\t\t\t\t\t\t<ul class=\"elementor-icon-list-items\">\n\t\t\t\t\t\t\t<li class=\"elementor-icon-list-item\">\n\t\t\t\t\t\t\t\t\t\t\t<span class=\"elementor-icon-list-icon\">\n\t\t\t\t\t\t\t<i aria-hidden=\"true\" class=\"fas fa-square-full\"><\/i>\t\t\t\t\t\t<\/span>\n\t\t\t\t\t\t\t\t\t\t<span class=\"elementor-icon-list-text\"><\/span>\n\t\t\t\t\t\t\t\t\t<\/li>\n\t\t\t\t\t\t<\/ul>\n\t\t\t\t\t\t<\/div>\n\t\t\t\t<\/div>\n\t\t\t\t<div class=\"elementor-element elementor-element-77e37d1 elementor-widget elementor-widget-heading\" data-id=\"77e37d1\" data-element_type=\"widget\" data-widget_type=\"heading.default\">\n\t\t\t\t<div class=\"elementor-widget-container\">\n\t\t\t\t\t<h2 class=\"elementor-heading-title elementor-size-default\">Why choose <strong>albouy \u00e9quipement<\/strong><\/h2>\t\t\t\t<\/div>\n\t\t\t\t<\/div>\n\t\t\t\t\t<\/div>\n\t\t<\/div>\n\t\t\t\t<div class=\"elementor-column elementor-col-50 elementor-top-column elementor-element elementor-element-a8b3086\" data-id=\"a8b3086\" data-element_type=\"column\">\n\t\t\t<div class=\"elementor-widget-wrap elementor-element-populated\">\n\t\t\t\t\t\t<div class=\"elementor-element elementor-element-955ec29 elementor-mobile-align-left elementor-icon-list--layout-traditional elementor-list-item-link-full_width elementor-widget elementor-widget-icon-list\" data-id=\"955ec29\" data-element_type=\"widget\" data-widget_type=\"icon-list.default\">\n\t\t\t\t<div class=\"elementor-widget-container\">\n\t\t\t\t\t\t\t<ul class=\"elementor-icon-list-items\">\n\t\t\t\t\t\t\t<li class=\"elementor-icon-list-item\">\n\t\t\t\t\t\t\t\t\t\t\t<span class=\"elementor-icon-list-icon\">\n\t\t\t\t\t\t\t<i aria-hidden=\"true\" class=\"fas fa-chevron-right\"><\/i>\t\t\t\t\t\t<\/span>\n\t\t\t\t\t\t\t\t\t\t<span class=\"elementor-icon-list-text\">The specialist that takes great care of farmers and their herds.<\/span>\n\t\t\t\t\t\t\t\t\t<\/li>\n\t\t\t\t\t\t\t\t<li class=\"elementor-icon-list-item\">\n\t\t\t\t\t\t\t\t\t\t\t<span class=\"elementor-icon-list-icon\">\n\t\t\t\t\t\t\t<i aria-hidden=\"true\" class=\"fas fa-chevron-right\"><\/i>\t\t\t\t\t\t<\/span>\n\t\t\t\t\t\t\t\t\t\t<span class=\"elementor-icon-list-text\">49 years of industry experience<\/span>\n\t\t\t\t\t\t\t\t\t<\/li>\n\t\t\t\t\t\t\t\t<li class=\"elementor-icon-list-item\">\n\t\t\t\t\t\t\t\t\t\t\t<span class=\"elementor-icon-list-icon\">\n\t\t\t\t\t\t\t<i aria-hidden=\"true\" class=\"fas fa-chevron-right\"><\/i>\t\t\t\t\t\t<\/span>\n\t\t\t\t\t\t\t\t\t\t<span class=\"elementor-icon-list-text\">International recognition<\/span>\n\t\t\t\t\t\t\t\t\t<\/li>\n\t\t\t\t\t\t<\/ul>\n\t\t\t\t\t\t<\/div>\n\t\t\t\t<\/div>\n\t\t\t\t\t<\/div>\n\t\t<\/div>\n\t\t\t\t\t<\/div>\n\t\t<\/section>\n\t\t\t\t<\/div>","protected":false},"excerpt":{"rendered":"<p>Un choix adapt\u00e9 \u00e0 tous vos troupeaux Alimentation ovins voir Alimentation caprins voir Alimentation bovins voir Pourquoi faire appel \u00e0 albouy \u00e9quipement Le sp\u00e9cialiste aux petits soins des \u00e9leveurs et des troupeaux. 49 ans d&rsquo;exp\u00e9rience dans le secteur. Une notori\u00e9t\u00e9 internationale.<\/p>","protected":false},"author":1,"featured_media":0,"parent":0,"menu_order":0,"comment_status":"closed","ping_status":"closed","template":"elementor_header_footer","meta":{"inline_featured_image":false,"_vp_format_video_url":"","_vp_image_focal_point":[],"footnotes":""},"class_list":["post-6474","page","type-page","status-publish","hentry","entry"],"yoast_head":"<!-- This site is optimized with the Yoast SEO plugin v25.3 - https:\/\/yoast.com\/wordpress\/plugins\/seo\/ -->\n<title>Albouy \u00c9quipement | Mat\u00e9riel Alimentation : Ovins, Caprins, Bovins<\/title>\n<meta name=\"description\" content=\"Retrouvez l&#039;ensemble de notre mat\u00e9riel pour pr\u00e9vu pour l&#039;alimentation des ovins, caprins et bovins : mangeoires, distributeurs et autres\" \/>\n<meta name=\"robots\" content=\"index, follow, max-snippet:-1, max-image-preview:large, max-video-preview:-1\" \/>\n<link rel=\"canonical\" href=\"https:\/\/www.albouyequipement.com\/en\/alimentation\/\" \/>\n<meta property=\"og:locale\" content=\"en_GB\" \/>\n<meta property=\"og:type\" content=\"article\" \/>\n<meta property=\"og:title\" content=\"Albouy \u00c9quipement | Mat\u00e9riel Alimentation : Ovins, Caprins, Bovins\" \/>\n<meta property=\"og:description\" content=\"Retrouvez l&#039;ensemble de notre mat\u00e9riel pour pr\u00e9vu pour l&#039;alimentation des ovins, caprins et bovins : mangeoires, distributeurs et autres\" \/>\n<meta property=\"og:url\" content=\"https:\/\/www.albouyequipement.com\/en\/alimentation\/\" \/>\n<meta property=\"og:site_name\" content=\"Albouy Equipement\" \/>\n<meta property=\"article:modified_time\" content=\"2025-06-12T07:58:34+00:00\" \/>\n<meta property=\"og:image\" content=\"https:\/\/www.albouyequipement.com\/wp-content\/uploads\/2024\/01\/Auge-Simple.jpg\" \/>\n<meta name=\"twitter:card\" content=\"summary_large_image\" \/>\n<meta name=\"twitter:label1\" content=\"Estimated reading time\" \/>\n\t<meta name=\"twitter:data1\" content=\"1 minute\" \/>\n<script type=\"application\/ld+json\" class=\"yoast-schema-graph\">{\"@context\":\"https:\/\/schema.org\",\"@graph\":[{\"@type\":\"WebPage\",\"@id\":\"https:\/\/www.albouyequipement.com\/alimentation\/\",\"url\":\"https:\/\/www.albouyequipement.com\/alimentation\/\",\"name\":\"Albouy \u00c9quipement | Mat\u00e9riel Alimentation : Ovins, Caprins, Bovins\",\"isPartOf\":{\"@id\":\"https:\/\/www.albouyequipement.com\/#website\"},\"primaryImageOfPage\":{\"@id\":\"https:\/\/www.albouyequipement.com\/alimentation\/#primaryimage\"},\"image\":{\"@id\":\"https:\/\/www.albouyequipement.com\/alimentation\/#primaryimage\"},\"thumbnailUrl\":\"https:\/\/www.albouyequipement.com\/wp-content\/uploads\/2024\/01\/Auge-Simple.jpg\",\"datePublished\":\"2025-06-11T08:54:44+00:00\",\"dateModified\":\"2025-06-12T07:58:34+00:00\",\"description\":\"Retrouvez l'ensemble de notre mat\u00e9riel pour pr\u00e9vu pour l'alimentation des ovins, caprins et bovins : mangeoires, distributeurs et autres\",\"breadcrumb\":{\"@id\":\"https:\/\/www.albouyequipement.com\/alimentation\/#breadcrumb\"},\"inLanguage\":\"en-GB\",\"potentialAction\":[{\"@type\":\"ReadAction\",\"target\":[\"https:\/\/www.albouyequipement.com\/alimentation\/\"]}]},{\"@type\":\"ImageObject\",\"inLanguage\":\"en-GB\",\"@id\":\"https:\/\/www.albouyequipement.com\/alimentation\/#primaryimage\",\"url\":\"https:\/\/www.albouyequipement.com\/wp-content\/uploads\/2024\/01\/Auge-Simple.jpg\",\"contentUrl\":\"https:\/\/www.albouyequipement.com\/wp-content\/uploads\/2024\/01\/Auge-Simple.jpg\"},{\"@type\":\"BreadcrumbList\",\"@id\":\"https:\/\/www.albouyequipement.com\/alimentation\/#breadcrumb\",\"itemListElement\":[{\"@type\":\"ListItem\",\"position\":1,\"name\":\"Accueil\",\"item\":\"https:\/\/www.albouyequipement.com\/\"},{\"@type\":\"ListItem\",\"position\":2,\"name\":\"Alimentation\"}]},{\"@type\":\"WebSite\",\"@id\":\"https:\/\/www.albouyequipement.com\/#website\",\"url\":\"https:\/\/www.albouyequipement.com\/\",\"name\":\"Albouy Equipement\",\"description\":\"Le sp\u00e9cialiste aux petits soins des \u00e9leveurs et des troupeaux\",\"publisher\":{\"@id\":\"https:\/\/www.albouyequipement.com\/#organization\"},\"potentialAction\":[{\"@type\":\"SearchAction\",\"target\":{\"@type\":\"EntryPoint\",\"urlTemplate\":\"https:\/\/www.albouyequipement.com\/?s={search_term_string}\"},\"query-input\":{\"@type\":\"PropertyValueSpecification\",\"valueRequired\":true,\"valueName\":\"search_term_string\"}}],\"inLanguage\":\"en-GB\"},{\"@type\":\"Organization\",\"@id\":\"https:\/\/www.albouyequipement.com\/#organization\",\"name\":\"Albouy Equipement\",\"url\":\"https:\/\/www.albouyequipement.com\/\",\"logo\":{\"@type\":\"ImageObject\",\"inLanguage\":\"en-GB\",\"@id\":\"https:\/\/www.albouyequipement.com\/#\/schema\/logo\/image\/\",\"url\":\"https:\/\/www.albouyequipement.com\/wp-content\/uploads\/2023\/07\/cropped-logo-albouy-equipement-long.png\",\"contentUrl\":\"https:\/\/www.albouyequipement.com\/wp-content\/uploads\/2023\/07\/cropped-logo-albouy-equipement-long.png\",\"width\":457,\"height\":114,\"caption\":\"Albouy Equipement\"},\"image\":{\"@id\":\"https:\/\/www.albouyequipement.com\/#\/schema\/logo\/image\/\"}}]}<\/script>\n<!-- \/ Yoast SEO plugin. -->","yoast_head_json":{"title":"Albouy \u00c9quipement | Mat\u00e9riel Alimentation : Ovins, Caprins, Bovins","description":"Retrouvez l'ensemble de notre mat\u00e9riel pour pr\u00e9vu pour l'alimentation des ovins, caprins et bovins : mangeoires, distributeurs et autres","robots":{"index":"index","follow":"follow","max-snippet":"max-snippet:-1","max-image-preview":"max-image-preview:large","max-video-preview":"max-video-preview:-1"},"canonical":"https:\/\/www.albouyequipement.com\/en\/alimentation\/","og_locale":"en_GB","og_type":"article","og_title":"Albouy \u00c9quipement | Mat\u00e9riel Alimentation : Ovins, Caprins, Bovins","og_description":"Retrouvez l'ensemble de notre mat\u00e9riel pour pr\u00e9vu pour l'alimentation des ovins, caprins et bovins : mangeoires, distributeurs et autres","og_url":"https:\/\/www.albouyequipement.com\/en\/alimentation\/","og_site_name":"Albouy Equipement","article_modified_time":"2025-06-12T07:58:34+00:00","og_image":[{"url":"https:\/\/www.albouyequipement.com\/wp-content\/uploads\/2024\/01\/Auge-Simple.jpg","type":"","width":"","height":""}],"twitter_card":"summary_large_image","twitter_misc":{"Estimated reading time":"1 minute"},"schema":{"@context":"https:\/\/schema.org","@graph":[{"@type":"WebPage","@id":"https:\/\/www.albouyequipement.com\/alimentation\/","url":"https:\/\/www.albouyequipement.com\/alimentation\/","name":"Albouy \u00c9quipement | Mat\u00e9riel Alimentation : Ovins, Caprins, Bovins","isPartOf":{"@id":"https:\/\/www.albouyequipement.com\/#website"},"primaryImageOfPage":{"@id":"https:\/\/www.albouyequipement.com\/alimentation\/#primaryimage"},"image":{"@id":"https:\/\/www.albouyequipement.com\/alimentation\/#primaryimage"},"thumbnailUrl":"https:\/\/www.albouyequipement.com\/wp-content\/uploads\/2024\/01\/Auge-Simple.jpg","datePublished":"2025-06-11T08:54:44+00:00","dateModified":"2025-06-12T07:58:34+00:00","description":"Retrouvez l'ensemble de notre mat\u00e9riel pour pr\u00e9vu pour l'alimentation des ovins, caprins et bovins : mangeoires, distributeurs et autres","breadcrumb":{"@id":"https:\/\/www.albouyequipement.com\/alimentation\/#breadcrumb"},"inLanguage":"en-GB","potentialAction":[{"@type":"ReadAction","target":["https:\/\/www.albouyequipement.com\/alimentation\/"]}]},{"@type":"ImageObject","inLanguage":"en-GB","@id":"https:\/\/www.albouyequipement.com\/alimentation\/#primaryimage","url":"https:\/\/www.albouyequipement.com\/wp-content\/uploads\/2024\/01\/Auge-Simple.jpg","contentUrl":"https:\/\/www.albouyequipement.com\/wp-content\/uploads\/2024\/01\/Auge-Simple.jpg"},{"@type":"BreadcrumbList","@id":"https:\/\/www.albouyequipement.com\/alimentation\/#breadcrumb","itemListElement":[{"@type":"ListItem","position":1,"name":"Accueil","item":"https:\/\/www.albouyequipement.com\/"},{"@type":"ListItem","position":2,"name":"Alimentation"}]},{"@type":"WebSite","@id":"https:\/\/www.albouyequipement.com\/#website","url":"https:\/\/www.albouyequipement.com\/","name":"Albouy Equipement","description":"Le sp\u00e9cialiste aux petits soins des \u00e9leveurs et des troupeaux","publisher":{"@id":"https:\/\/www.albouyequipement.com\/#organization"},"potentialAction":[{"@type":"SearchAction","target":{"@type":"EntryPoint","urlTemplate":"https:\/\/www.albouyequipement.com\/?s={search_term_string}"},"query-input":{"@type":"PropertyValueSpecification","valueRequired":true,"valueName":"search_term_string"}}],"inLanguage":"en-GB"},{"@type":"Organization","@id":"https:\/\/www.albouyequipement.com\/#organization","name":"Albouy Equipement","url":"https:\/\/www.albouyequipement.com\/","logo":{"@type":"ImageObject","inLanguage":"en-GB","@id":"https:\/\/www.albouyequipement.com\/#\/schema\/logo\/image\/","url":"https:\/\/www.albouyequipement.com\/wp-content\/uploads\/2023\/07\/cropped-logo-albouy-equipement-long.png","contentUrl":"https:\/\/www.albouyequipement.com\/wp-content\/uploads\/2023\/07\/cropped-logo-albouy-equipement-long.png","width":457,"height":114,"caption":"Albouy Equipement"},"image":{"@id":"https:\/\/www.albouyequipement.com\/#\/schema\/logo\/image\/"}}]}},"_links":{"self":[{"href":"https:\/\/www.albouyequipement.com\/en\/wp-json\/wp\/v2\/pages\/6474","targetHints":{"allow":["GET"]}}],"collection":[{"href":"https:\/\/www.albouyequipement.com\/en\/wp-json\/wp\/v2\/pages"}],"about":[{"href":"https:\/\/www.albouyequipement.com\/en\/wp-json\/wp\/v2\/types\/page"}],"author":[{"embeddable":true,"href":"https:\/\/www.albouyequipement.com\/en\/wp-json\/wp\/v2\/users\/1"}],"replies":[{"embeddable":true,"href":"https:\/\/www.albouyequipement.com\/en\/wp-json\/wp\/v2\/comments?post=6474"}],"version-history":[{"count":19,"href":"https:\/\/www.albouyequipement.com\/en\/wp-json\/wp\/v2\/pages\/6474\/revisions"}],"predecessor-version":[{"id":6593,"href":"https:\/\/www.albouyequipement.com\/en\/wp-json\/wp\/v2\/pages\/6474\/revisions\/6593"}],"wp:attachment":[{"href":"https:\/\/www.albouyequipement.com\/en\/wp-json\/wp\/v2\/media?parent=6474"}],"curies":[{"name":"wp","href":"https:\/\/api.w.org\/{rel}","templated":true}]}}